{"id":5449,"date":"2018-05-08T11:03:56","date_gmt":"2018-05-08T11:03:56","guid":{"rendered":"http:\/\/www.maventur.com\/?page_id=5449"},"modified":"2025-10-12T19:47:04","modified_gmt":"2025-10-12T19:47:04","slug":"aviso-legal","status":"publish","type":"page","link":"https:\/\/www.maventur.com\/en\/aviso-legal\/","title":{"rendered":"Aviso Legal"},"content":{"rendered":"<h3 class=\"a-title-empleo\"><span style=\"color: #ff6600;\">Aviso Legal<\/span><\/h3>\n<p><span class=\"a-sub-empleo\">Las presentes Condiciones de Uso regulan el acceso, navegaci\u00f3n y uso del presente sitio web (en adelante, el \u201cSitio Web\u201d).<\/span><\/p>\n<h4><span class=\"a-title-normal\" style=\"color: #ff6600;\">1.- Datos del titular<\/span><\/h4>\n<p><span class=\"\">En cumplimiento con el deber de informaci\u00f3n recogido en art\u00edculo 10 de la Ley 34\/2002, de 11 de julio, de Servicios de la Sociedad de la Informaci\u00f3n y del Comercio Electr\u00f3nico, le facilitamos los datos del titular del presente Sitio Web:<\/span><\/p>\n<p>1) MAVENTUR TRAVEL, (en adelante, \u201cMAVENTUR.COM\u201d) con R.C. N\u00b0 001875430000011 y domicilio social en\u00a0Rue Tauima, 24, 26002 &#8211; Nador (Marruecos).<\/p>\n<p>MAVENTUR.COM\u00a0 prestar\u00e1 servicios de forma directa, y en particular los relacionados con su actividad, de agencia de viajes, como por ejemplo en relaci\u00f3n con viajes, traslados, actividades, excursiones y visitas guiadas.<\/p>\n<h4><span class=\"a-title-normal\" style=\"color: #ff6600;\">2.- Usuarios<\/span><\/h4>\n<p><span class=\"\">El acceso y\/o uso del Sitio Web le atribuye la condici\u00f3n de Usuario, y acepta, desde dicho acceso y\/o uso, las presentes Condiciones de Uso.<\/span><\/p>\n<h4><span class=\"a-title-normal\" style=\"color: #ff6600;\">3.- Uso del sitio web<\/span><\/h4>\n<p><span class=\"\">El Sitio Web puede proporcionar acceso a multitud de textos, gr\u00e1ficos, dibujos, dise\u00f1os, c\u00f3digos, software, fotograf\u00edas, m\u00fasica, v\u00eddeos, sonidos, bases de datos, im\u00e1genes, expresiones e informaciones (en adelante, \u00abContenidos\u00bb) pertenecientes a MAVENTUR.COMo a terceros a los que el Usuario puede tener acceso.<\/span><\/p>\n<p>El Usuario asume la responsabilidad del uso del Sitio Web. Dicha responsabilidad se extiende al registro que, en su caso, sea necesario para acceder a Contenidos o servicios que preste el Sitio Web.<\/p>\n<p>El Usuario se compromete a hacer un uso l\u00edcito, diligente y adecuado de los Contenidos y servicios ofrecidos a trav\u00e9s del Sitio Web y todo ello bajo los principios de la buena fe y respetando en todo momento a la legalidad vigente y a las presentes Condiciones de Uso.<\/p>\n<p>En particular, con car\u00e1cter enunciativo pero no limitativo, el Usuario del Sitio Web:<\/p>\n<ul class=\"listado\">\n<li>i. No utilizar\u00e1 o reutilizar\u00e1 material ilegal, ofensivo, abusivo, indecente, difamatorio, obsceno o amenazante de ning\u00fan tipo, o que suponga una violaci\u00f3n de derechos de propiedad intelectual, marcas registradas, confidencialidad, privacidad o cualquier otro derecho, o sea de otro modo injurioso o censurable para terceras partes, o cuyo contenido contenga virus inform\u00e1ticos, propaganda pol\u00edtica, contenido publicitario, correos en cadena, env\u00edo masivo de correos o cualquier otro tipo de \u00abspam\u00bb y, en general, cualquier tipo de molestia o inconveniente innecesario.<\/li>\n<li>ii. No provocar\u00e1 ni maliciosa ni intencionadamente da\u00f1os o perjuicios que puedan menoscabar, alterar el propio Sitio Web, ni tampoco introducir\u00e1, ni difundir\u00e1 virus inform\u00e1ticos que puedan producir alteraciones no autorizadas de los Contenidos o sistemas integrantes del Sitio Web.<\/li>\n<li>iii. No utilizar\u00e1 el Sitio Web con fines fraudulentos, o relacionados con delitos penales o actividades il\u00edcitas de ning\u00fan tipo.<\/li>\n<li>iv. No reproducir\u00e1, copiar\u00e1, distribuir\u00e1, transformar\u00e1 o modificar\u00e1 la informaci\u00f3n y los Contenidos alojados en el Sitio Web, a menos que cuente con la autorizaci\u00f3n del titular de los correspondientes derechos.<\/li>\n<\/ul>\n<p><span class=\"\">MAVENTUR.COM se reserva el derecho a denegar el acceso al Sitio Web a Usuarios que hagan un mal uso de los Contenidos y\/o incumplan cualquiera de las condiciones que aparecen en el presente documento.<\/span><\/p>\n<h4><span class=\"a-title-normal\" style=\"color: #ff6600;\">4.- Propiedad intelectual<\/span><\/h4>\n<p><span class=\"\">Todos los Contenidos que se muestran en el Sitio Web y en especial dise\u00f1os, textos, gr\u00e1ficos, logos, iconos, botones, software, nombres comerciales, marcas, dibujos industriales o cualesquiera otros signos susceptibles de utilizaci\u00f3n industrial y comercial est\u00e1n sujetos a derechos de propiedad intelectual e industrial de MAVENTUR.COM o de terceros titulares de los mismos que han autorizado debidamente su inclusi\u00f3n en el Sitio Web, y es a ellos a quien corresponde el ejercicio exclusivo de los derechos de explotaci\u00f3n de los mismos.<\/span><\/p>\n<p>MAVENTUR.COM no concede ninguna licencia o autorizaci\u00f3n de uso de ninguna clase sobre sus derechos de propiedad intelectual e industrial o sobre cualquier otra propiedad o derecho relacionado con el Sitio Web, los servicios o los Contenidos del mismo.<\/p>\n<p><span class=\"\">Queda prohibida la reproducci\u00f3n, transmisi\u00f3n, adaptaci\u00f3n, traducci\u00f3n, distribuci\u00f3n, comunicaci\u00f3n p\u00fablica, incluida su modalidad de puesta a disposici\u00f3n, o cualquier otra explotaci\u00f3n y\/o modificaci\u00f3n, total o parcial, sin previa autorizaci\u00f3n expresa de MAVENTUR.COM de cualquier Contenido incluido en el Sitio Web.<\/span><\/p>\n<p>Los Usuarios se comprometen a respetar los derechos de propiedad del Sitio Web y los derechos de propiedad intelectual e industrial sobre el mismo, sean de MAVENTUR.COM o de terceros.<\/p>\n<p>Asimismo, MAVENTUR.COM rechaza todo tipo de responsabilidad acerca de la explotaci\u00f3n o la difusi\u00f3n de las im\u00e1genes y\/o Contenidos insertados en el Sitio Web.<\/p>\n<h4><span class=\"a-title-normal\" style=\"color: #ff6600;\">5.- Responsabilidad y garant\u00edas<\/span><\/h4>\n<p><span class=\"\">MAVENTUR.COM declara que ha adoptado las medidas necesarias que, dentro de sus posibilidades y el estado de la tecnolog\u00eda, permitan el correcto funcionamiento de su sitio Web as\u00ed como la ausencia de virus y componentes da\u00f1inos.<\/span><\/p>\n<p>Sin embargo, MAVENTUR.COM no otorga ninguna garant\u00eda ni se hace responsable, en ning\u00fan caso, de los da\u00f1os y perjuicios de cualquier naturaleza que pudieran derivarse del acceso o uso de los Contenidos o del Sitio Web. Entre otras, y a t\u00edtulo enunciativo y no limitativo, MAVENTUR.COM no se responsabiliza de las siguientes circunstancias:<\/p>\n<ul class=\"listado\">\n<li>i. La falta de disponibilidad, mantenimiento y efectivo funcionamiento del Sitio Web y\/o de sus servicios o Contenidos, excluy\u00e9ndose, en la m\u00e1xima medida permitida por la legislaci\u00f3n vigente, cualquier responsabilidad por los da\u00f1os y perjuicios de toda naturaleza que puedan deberse a la falta de disponibilidad o de continuidad del funcionamiento del Sitio Web y de los Contenidos habilitados en el mismo.<\/li>\n<li>ii. Los errores que pudieran existir en los Contenidos ni la correcci\u00f3n de cualquier defecto que pudiera ocurrir.<\/li>\n<li>iii. La falta de utilidad del Sitio Web o los Contenidos.<\/li>\n<li>iv. La existencia de virus, programas maliciosos o lesivos en los Contenidos.<\/li>\n<li>v. El mal servicio o cualquier problema surgido con las empresas proveedoras de los servicios.<\/li>\n<li>vi. La recepci\u00f3n, obtenci\u00f3n, almacenamiento, difusi\u00f3n o transmisi\u00f3n, por parte de los Usuarios, de los Contenidos.<\/li>\n<li>vii. El uso il\u00edcito, negligente, fraudulento, contrario a los t\u00e9rminos de las presentes Condiciones de Uso, o a la buena fe, del Sitio Web o sus Contenidos, por parte de los Usuarios.<\/li>\n<\/ul>\n<p><span class=\"\">MAVENTUR.COM podr\u00e1 suspender temporalmente y sin previo aviso, la accesibilidad al Sitio Web con motivo de operaciones de mantenimiento, reparaci\u00f3n, actualizaci\u00f3n o mejora. No obstante, siempre que las circunstancias lo permitan, MAVENTUR.COM comunicar\u00e1 al Usuario, con antelaci\u00f3n suficiente, la fecha prevista para la suspensi\u00f3n de los servicios.<\/span><\/p>\n<h4><span class=\"a-title-normal\" style=\"color: #ff6600;\">6.- Links a p\u00e1ginas de terceros<\/span><\/h4>\n<p><span class=\"\">El Sitio Web puede contener links o hiperv\u00ednculos a p\u00e1ginas web titularidad de terceros.<\/span><\/p>\n<p>MAVENTUR.COM no asume ninguna responsabilidad por el contenido, informaciones o servicios que pudieran aparecer en dichos sitios web, sobre los que MAVENTUR.COM no tiene ning\u00fan tipo de control, por lo que el Usuario accede bajo su exclusiva responsabilidad al contenido y en las condiciones de uso que rijan en los mismos.<\/p>\n<p>En este sentido, les recomendamos que lean las pol\u00edticas de privacidad y condiciones de uso de estos sitios web propiedad de terceros.<\/p>\n<h4><span class=\"a-title-normal\" style=\"color: #ff6600;\">7.- Comentarios y opiniones<\/span><\/h4>\n<p><span class=\"\">En caso de que MAVENTUR.COM permitiera a los Usuarios publicar sus opiniones y\/o comentarios en el Sitio Web, \u00e9stos no deber\u00e1n contener expresiones que no sean aptas para todos los p\u00fablicos, incluyendo por tanto, textos indecorosos o que no se consideren apropiados o que hieran la sensibilidad general.<\/span><\/p>\n<p>Tampoco se permitir\u00e1n comentarios y\/o opiniones que vayan en contra de un particular y que vulneren los principios del derecho al honor, a la intimidad personal y familiar, a la propia imagen y a la dignidad de la persona. Se proh\u00edbe cualquier tipo de comentario discriminatorio ya sea por motivos de raza, sexo, religi\u00f3n, opini\u00f3n, nacionalidad, discapacidad o cualquier otra circunstancia personal o social.<\/p>\n<p>Asimismo, no est\u00e1n permitidas aquellas publicaciones que sean intimidantes, amenazantes degradantes o que de cualquier manera promuevan la violencia contra una persona o un colectivo determinado.<\/p>\n<p>Tampoco podr\u00e1 utilizarse el Sitio Web como medio para realizar publicidad, promoci\u00f3n de negocios, marcas o elementos personales.<\/p>\n<p>En cualquier caso, MAVENTUR.COM no ser\u00e1 responsable de las opiniones y\/o comentarios vertidos en el Sitio Web, siendo en todo caso responsabilidad de los autores de las mismas.<\/p>\n<h4><span class=\"a-title-normal\" style=\"color: #ff6600;\">8.- Duraci\u00f3n y modificaci\u00f3n<\/span><\/h4>\n<p><span class=\"\">Las presentes Condiciones de Uso estar\u00e1n vigentes hasta que sean modificadas, pudiendo MAVENTUR.COM efectuar estos cambios que ser\u00e1n comunicados al Usuario.<\/span><\/p>\n<p>MAVENTUR.COM podr\u00e1 suprimir, a\u00f1adir o cambiar tanto los Contenidos como los servicios que presta, as\u00ed como tambi\u00e9n la forma en la que los mismos aparezcan localizados o presentados. Se entienden como vigentes, las condiciones que est\u00e9n publicadas en el momento en el que el usuario acceda al Sitio Web de MAVENTUR.COM.<\/p>\n<p>El acceso y\/o el uso del Sitio Web se entender\u00e1n como una aceptaci\u00f3n por parte del usuario de las presentes Condiciones de Uso y, en su caso, los cambios efectuados en las mismas.<\/p>\n<h4><span class=\"a-title-normal\" style=\"color: #ff6600;\">9.- Legislaci\u00f3n y jurisdicci\u00f3n aplicables<\/span><\/h4>\n<p><span class=\"\">Los t\u00e9rminos, condiciones y dem\u00e1s documentos de MAVENTUR.COM se regir\u00e1n por la legislaci\u00f3n Marroqu\u00ed.<br \/>\nEn caso de disputa, las partes se someten a los Juzgados y Tribunales del domicilio del Usuario en caso de ser \u00e9ste una persona f\u00edsica, y a los Juzgados y Tribunales de Nador (Marruecos) en caso de ser persona jur\u00eddica.<\/span><\/p>\n<div style=\"text-align:center\" class=\"yasr-auto-insert-visitor\"><!--Yasr Visitor Votes Shortcode--><div id='yasr_visitor_votes_5449' class='yasr-visitor-votes'><div class=\"yasr-custom-text-vv-before yasr-custom-text-vv-before-5449\">\u00a1Haz clic para puntuar esta entrada!<\/div><div id='yasr-vv-second-row-container-04cd956095a83' \n                                        class='yasr-vv-second-row-container'><div id='yasr-visitor-votes-rater-04cd956095a83'\n                                      class='yasr-rater-stars-vv'\n                                      data-rater-postid='5449' \n                                      data-rating='0'\n                                      data-rater-starsize='32'\n                                      data-rater-readonly='false'\n                                      data-rater-nonce='66ef5737d4' \n                                      data-issingular='false'\n                                    ><\/div><div class=\"yasr-vv-stats-text-container\" id=\"yasr-vv-stats-text-container-04cd956095a83\"><svg xmlns=\"https:\/\/www.w3.org\/2000\/svg\" width=\"20\" height=\"20\" \n                               class=\"yasr-dashicons-visitor-stats\"\n                               data-postid=\"5449\" \n                               id=\"yasr-stats-dashicon-04cd956095a83\">\n                            <path d=\"M18 18v-16h-4v16h4zM12 18v-11h-4v11h4zM6 18v-8h-4v8h4z\"><\/path>\n                          <\/svg><span id=\"yasr-vv-text-container-04cd956095a83\" class=\"yasr-vv-text-container\">(Votos: <span id=\"yasr-vv-votes-number-container-04cd956095a83\">0<\/span>  Promedio: <span id=\"yasr-vv-average-container-04cd956095a83\">0<\/span>)<\/span><\/div><div id='yasr-vv-loader-04cd956095a83' class='yasr-vv-container-loader'><\/div><\/div><div id='yasr-vv-bottom-container-04cd956095a83' \n                              class='yasr-vv-bottom-container'\n                              style='display:none'><\/div><\/div><!--End Yasr Visitor Votes Shortcode--><\/div>","protected":false},"excerpt":{"rendered":"<p>Aviso Legal Las presentes Condiciones de Uso regulan el acceso, navegaci\u00f3n y uso del presente sitio web (en adelante, el \u201cSitio Web\u201d). 1.- Datos del titular En cumplimiento con el deber de informaci\u00f3n recogido en art\u00edculo 10 de la Ley 34\/2002, de 11 de julio, de Servicios de la Sociedad de la Informaci\u00f3n y del [&hellip;]<\/p>\n","protected":false},"author":1,"featured_media":0,"parent":0,"menu_order":0,"comment_status":"closed","ping_status":"closed","template":"","meta":{"inline_featured_image":false,"yasr_overall_rating":0,"yasr_post_is_review":"","yasr_auto_insert_disabled":"","yasr_review_type":"","yasr_pro_reviews_in_comment_enabled":0,"footnotes":""},"class_list":["post-5449","page","type-page","status-publish","hentry"],"yasr_visitor_votes":{"number_of_votes":0,"sum_votes":0,"stars_attributes":{"read_only":false,"span_bottom":false}},"yoast_head":"<!-- This site is optimized with the Yoast SEO plugin v27.6 - https:\/\/yoast.com\/product\/yoast-seo-wordpress\/ -->\n<title>Aviso Legal - Maventur.com<\/title>\n<meta name=\"robots\" content=\"index, follow, max-snippet:-1, max-image-preview:large, max-video-preview:-1\" \/>\n<link rel=\"canonical\" href=\"https:\/\/www.maventur.com\/en\/aviso-legal\/\" \/>\n<!-- \/ Yoast SEO plugin. -->","yoast_head_json":{"title":"Aviso Legal - Maventur.com","robots":{"index":"index","follow":"follow","max-snippet":"max-snippet:-1","max-image-preview":"max-image-preview:large","max-video-preview":"max-video-preview:-1"},"canonical":"https:\/\/www.maventur.com\/en\/aviso-legal\/","schema":{"@context":"https:\/\/schema.org","@graph":[{"@type":"WebPage","@id":"https:\/\/www.maventur.com\/aviso-legal\/","url":"https:\/\/www.maventur.com\/aviso-legal\/","name":"Aviso Legal - Maventur.com","isPartOf":{"@id":"https:\/\/www.maventur.com\/#website"},"datePublished":"2018-05-08T11:03:56+00:00","dateModified":"2025-10-12T19:47:04+00:00","breadcrumb":{"@id":"https:\/\/www.maventur.com\/aviso-legal\/#breadcrumb"},"inLanguage":"en-GB","potentialAction":[{"@type":"ReadAction","target":["https:\/\/www.maventur.com\/aviso-legal\/"]}]},{"@type":"BreadcrumbList","@id":"https:\/\/www.maventur.com\/aviso-legal\/#breadcrumb","itemListElement":[{"@type":"ListItem","position":1,"name":"Portada","item":"https:\/\/www.maventur.com\/"},{"@type":"ListItem","position":2,"name":"Aviso Legal"}]},{"@type":"WebSite","@id":"https:\/\/www.maventur.com\/#website","url":"https:\/\/www.maventur.com\/","name":"Maventur.com","description":"Expertos en Viajes a Medida por el Mundo","potentialAction":[{"@type":"SearchAction","target":{"@type":"EntryPoint","urlTemplate":"https:\/\/www.maventur.com\/?s={search_term_string}"},"query-input":{"@type":"PropertyValueSpecification","valueRequired":true,"valueName":"search_term_string"}}],"inLanguage":"en-GB"}]}},"_links":{"self":[{"href":"https:\/\/www.maventur.com\/en\/wp-json\/wp\/v2\/pages\/5449","targetHints":{"allow":["GET"]}}],"collection":[{"href":"https:\/\/www.maventur.com\/en\/wp-json\/wp\/v2\/pages"}],"about":[{"href":"https:\/\/www.maventur.com\/en\/wp-json\/wp\/v2\/types\/page"}],"author":[{"embeddable":true,"href":"https:\/\/www.maventur.com\/en\/wp-json\/wp\/v2\/users\/1"}],"replies":[{"embeddable":true,"href":"https:\/\/www.maventur.com\/en\/wp-json\/wp\/v2\/comments?post=5449"}],"version-history":[{"count":0,"href":"https:\/\/www.maventur.com\/en\/wp-json\/wp\/v2\/pages\/5449\/revisions"}],"wp:attachment":[{"href":"https:\/\/www.maventur.com\/en\/wp-json\/wp\/v2\/media?parent=5449"}],"curies":[{"name":"wp","href":"https:\/\/api.w.org\/{rel}","templated":true}]}}