{"id":5445,"date":"2018-05-08T09:08:23","date_gmt":"2018-05-08T09:08:23","guid":{"rendered":"http:\/\/www.maventur.com\/?page_id=5445"},"modified":"2025-08-12T19:37:22","modified_gmt":"2025-08-12T19:37:22","slug":"politica-de-privacidad","status":"publish","type":"page","link":"https:\/\/www.maventur.com\/en\/politica-de-privacidad\/","title":{"rendered":"Pol\u00edtica de Privacidad"},"content":{"rendered":"<p>&nbsp;<\/p>\n<h3 class=\"a-title-empleo\"><span style=\"color: #ff6600;\">Pol\u00edtica de privacidad y protecci\u00f3n de datos<\/span><\/h3>\n<h4><span class=\"a-title-normal\" style=\"color: #ff6600;\">1.- Presentaci\u00f3n y derecho de informaci\u00f3n<\/span><\/h4>\n<p><span class=\"\">El presente sitio web es propiedad de Maventur Travel. (en adelante, \u201cMAVENTUR.COM\u201d), con R.C. N\u00b0 001875430000011 y domicilio social en Rue Tauima, 24, 26002 \u2013 Nador &#8211; Marruecos<\/span><\/p>\n<p>MAVENTUR.COM se toma muy en serio la protecci\u00f3n de su privacidad y de sus datos personales. Por ello, MAVENTUR.COM cumple \u00edntegramente con la legislaci\u00f3n vigente en materia de protecci\u00f3n de datos de car\u00e1cter personal para que tu informaci\u00f3n personal se conserve de forma segura.<\/p>\n<p>La presente pol\u00edtica de protecci\u00f3n de datos regula el acceso y el uso del servicio del presente Sitio Web que MAVENTUR.COM, pone a disposici\u00f3n de los Usuarios interesados en los servicios ofrecidos por MAVENTUR.COM.<\/p>\n<h4><span class=\"a-title-normal\" style=\"color: #ff6600;\">2.- Procesamiento de datos personales y finalidad del tratamiento<\/span><\/h4>\n<p><span class=\"\">MAVENTUR.COM podr\u00e1 recabar datos personales de los Usuarios a trav\u00e9s de formularios de registro, con la finalidad de prestarles los servicios que ofrece a trav\u00e9s del Sitio Web, o de poner en contacto a los Usuarios y a los proveedores de los servicios que en ocasiones MAVENTUR.COM, en calidad de intermediario, ofrece a trav\u00e9s del Sitio Web.<\/span><\/p>\n<p>En algunos casos, MAVENTUR.COM tambi\u00e9n podr\u00e1 recabar los datos personales de los Usuarios para que \u00e9stos puedan registrarse y publicar opiniones o comentarios en el Sitio Web.<\/p>\n<h4><span style=\"color: #ff6600;\">2.1.- Tratamiento de datos personales por parte de <span class=\"\">MAVENTUR.COM<\/span><\/span><\/h4>\n<p><span class=\"\">Le informamos de que, en caso de que <span style=\"color: #000000;\">MAVENTUR.COM<\/span> recabe datos personales de contacto de Usuarios, \u00e9stos ser\u00e1n incorporados a un fichero automatizado responsabilidad de MAVENTUR.COM conforme a lo establecido en la Ley Org\u00e1nica 15\/1999, de 13 de diciembre, de Protecci\u00f3n de Datos de Car\u00e1cter Personal (en adelante, LOPD) y su reglamento de desarrollo, as\u00ed como en la Ley 34\/2002 de 11 de Julio, de Servicios de la Sociedad de la Informaci\u00f3n y de Comercio Electr\u00f3nico y en la Ley 9\/2014, de 9 de mayo, General de Telecomunicaciones.<\/span><\/p>\n<p>Sus datos de car\u00e1cter personal recabados por MAVENTUR.COM podr\u00e1n ser utilizados para las siguientes finalidades (i) permitir la prestaci\u00f3n del servicio ofrecido a trav\u00e9s del Sitio Web, (ii) identificarle como usuario registrado en caso de que el Sitio Web permitiera el registro y (iii) enviarle informaci\u00f3n comercial de los productos y\/o servicios ofrecidos por MAVENTUR.COM o por terceras empresas.<\/p>\n<p>En concreto, y en relaci\u00f3n con los env\u00edos de informaci\u00f3n comercial, sus datos personales ser\u00e1n utilizados para remitirle Newsletters y comunicaciones comerciales y promocionales relacionadas con los servicios de MAVENTUR.COM o de terceras empresas mediante carta, tel\u00e9fono, correo electr\u00f3nico, SMS\/MMS, o por otros medios de comunicaci\u00f3n electr\u00f3nica equivalentes y ello al amparo de lo establecido en la LOPD, en la Ley 34\/2002 de 11 de Julio, de Servicios de la Sociedad de la Informaci\u00f3n y de Comercio Electr\u00f3nico y en la Ley 9\/2014, de 9 de mayo, de Telecomunicaciones.<\/p>\n<p>En particular, mediante la aceptaci\u00f3n de esta pol\u00edtica de privacidad, el usuario acepta expresamente que MAVENTUR.COM pueda remitirle comunicaciones comerciales en su nombre o en nombre y por cuenta de terceras empresas, relacionadas con los siguientes sectores:<\/p>\n<ul>\n<li>Ocio: Viajes y Turismo, Comunicaci\u00f3n y entretenimiento.<\/li>\n<li>Hosteler\u00eda y restauraci\u00f3n.<\/li>\n<\/ul>\n<h4><span style=\"color: #ff6600;\">2.2. Cesiones de datos a terceros<\/span><\/h4>\n<p><span class=\"\">Sus datos podr\u00e1n ser cedidos a terceras empresas, proveedoras del servicio, con la finalidad de poder prestarle algunos de los servicios que ofrece MAVENTUR.COM en calidad de intermediario. Asimismo, estas terceras empresas podr\u00e1n remitirle comunicaciones comerciales, mediante carta, tel\u00e9fono, correo electr\u00f3nico, SMS\/MMS, o por otros medios de comunicaci\u00f3n electr\u00f3nica equivalentes, en relaci\u00f3n con los sectores especificados en el apartado 2.1. de la presente Pol\u00edtica de Privacidad.<\/span><\/p>\n<h4><span style=\"color: #ff6600;\">2.3. Tratamiento de datos con fines estad\u00edsticos<\/span><\/h4>\n<p><span class=\"\">Asimismo, le informamos que Usted consiente el tratamiento de sus datos para la elaboraci\u00f3n de perfiles, as\u00ed como para la segmentaci\u00f3n de sus datos. Los citados tratamientos pueden tener como finalidad tanto el an\u00e1lisis y realizaci\u00f3n de estad\u00edsticas para conocer el tr\u00e1fico y utilizaci\u00f3n del Sitio Web por parte de los Usuarios.<\/span><\/p>\n<h4><span class=\"a-title-normal\" style=\"color: #ff6600;\">3.- Datos recabados directamente por terceras empresas colaboradoras<\/span><\/h4>\n<p><span class=\"\">Tenga en cuenta que para realizar y\/o tramitar las reservas de algunos servicios ofrecidos por MAVENTUR.COM, el Sitio Web puede redirigir a otras p\u00e1ginas web propiedad de terceros, colaboradores de MAVENTUR.COM, que ser\u00e1n quienes tramiten la prestaci\u00f3n del servicio solicitado. En estos casos, los datos de car\u00e1cter personal que los Usuarios faciliten ser\u00e1n recabados directamente por el colaborador, por lo que le recomendamos que lea la pol\u00edtica de privacidad de cada colaborador antes de adquirir el servicio. MAVENTUR.COM no controla los sitios web de terceros a los que pueda redirigir el presente Sitio Web por lo que en ning\u00fan caso ser\u00e1 responsable del tratamiento de datos que puedan realizar dichas terceras empresas.<\/span><\/p>\n<h4><span class=\"a-title-normal\" style=\"color: #ff6600;\">4.- Car\u00e1cter obligatorio o facultativo de la informaci\u00f3n facilitada por el Usuario y veracidad de los datos<\/span><\/h4>\n<p><span class=\"\">El Usuario garantiza que los datos personales facilitados son veraces y se hace responsable de comunicar a MAVENTUR.COM cualquier modificaci\u00f3n de los mismos. El Usuario responder\u00e1, en cualquier caso, de la veracidad de los datos facilitados, reserv\u00e1ndose MAVENTUR.COM el derecho a excluir de los servicios registrados a todo Usuario que haya facilitado datos falsos, sin perjuicio de la dem\u00e1s acciones que procedan en Derecho.<\/span><\/p>\n<h4><span class=\"a-title-normal\" style=\"color: #ff6600;\">5.- Pr\u00e1cticas no permitidas<\/span><\/h4>\n<p><span class=\"\">MAVENTUR.COM anular\u00e1 el registro de usuarios que: (i) incluyan o promocionen material il\u00edcito, inmoral, obsceno o nocivo; (ii) promocionen cualquier tipo de discriminaci\u00f3n; (iii) Remitan \u00abbulk (correo masivo), junk (correo basura), o spam e-mail (correo no deseado)\u00bb o \u00abnewsgroup communications\u00bb cuando no hayan sido solicitados; (iv) incumplan alg\u00fan derecho de propiedad intelectual o industrial de terceros. Asimismo, el usuario se obliga a abstenerse de utilizar y recabar datos a partir de listas de distribuci\u00f3n a las que se pueda acceder a trav\u00e9s de las informaciones y servicios contenidos en el Sitio Web para la realizaci\u00f3n de actividades con fines promocionales o publicitarios, as\u00ed como de remitir comunicaciones comerciales de cualquier clase y a trav\u00e9s de cualquier soporte no solicitados ni previamente consentidos por MAVENTUR.COM y\/o los usuarios del Sitio Web.<\/span><\/p>\n<h4><span class=\"a-title-normal\" style=\"color: #ff6600;\">6.- Derechos de Acceso, Rectificaci\u00f3n, Cancelaci\u00f3n y Oposici\u00f3n<\/span><\/h4>\n<p><span class=\"\">El Usuario podr\u00e1 dirigir sus comunicaciones y ejercitar los derechos de acceso, rectificaci\u00f3n, cancelaci\u00f3n y oposici\u00f3n en la direcci\u00f3n de email info@maventur.com,<\/span><\/p>\n<p><span class=\"\">Para ejercer dichos derechos es necesario que usted acredite su personalidad frente mediante el env\u00edo de una fotocopia de su Documento Nacional de Identidad o cualquier otro medio v\u00e1lido en Derecho.<\/span><\/p>\n<h4><span class=\"a-title-normal\" style=\"color: #ff6600;\">7.- Medidas de seguridad<\/span><\/h4>\n<p><span class=\"\">MAVENTUR.COM mantiene los niveles de seguridad de protecci\u00f3n de datos personales conforme a la LOPD y al Real Decreto 1720\/2007, de 21 de diciembre, por el que se aprueba el Reglamento de desarrollo de la LOPD que contengan datos de car\u00e1cter personal y ha establecido todos los medios t\u00e9cnicos a su alcance para evitar la p\u00e9rdida, mal uso, alteraci\u00f3n, acceso no autorizado y robo de los datos que el Usuario facilite a trav\u00e9s del sitio Web, sin perjuicio de informarle de que las medidas de seguridad en Internet no son inexpugnables.<\/span><\/p>\n<p>MAVENTUR.COM se compromete a cumplir con el deber de secreto y confidencialidad respecto de los datos personales contenidos en el fichero automatizado de acuerdo con la legislaci\u00f3n aplicable, as\u00ed como a conferirles un tratamiento seguro en las cesiones que, en su caso, puedan producirse.<\/p>\n<h4><span class=\"a-title-normal\" style=\"color: #ff6600;\">8.- Modificaciones de la Pol\u00edtica de Privacidad<\/span><\/h4>\n<p><span class=\"\">MAVENTUR.COM se reserva el derecho de modificar su Pol\u00edtica de Privacidad en el momento que lo considere oportuno. Por esta raz\u00f3n, le rogamos que compruebe de forma regular esta declaraci\u00f3n de privacidad para leer la versi\u00f3n m\u00e1s reciente de la Pol\u00edtica de Privacidad de MAVENTUR.COM.<\/span><\/p>\n<h4><span class=\"a-title-normal\" style=\"color: #ff6600;\">9.- Aceptaci\u00f3n y Consentimiento<\/span><\/h4>\n<p><span class=\"\">El Usuario declara haber sido informado de las condiciones sobre protecci\u00f3n de datos personales, aceptando y consintiendo el tratamiento de los mismos por parte de MAVENTUR.COM, en la forma y para las finalidades indicadas en la presente Pol\u00edtica de Privacidad.<\/span><\/p>\n<div style=\"text-align:center\" class=\"yasr-auto-insert-visitor\"><!--Yasr Visitor Votes Shortcode--><div id='yasr_visitor_votes_5445' class='yasr-visitor-votes'><div class=\"yasr-custom-text-vv-before yasr-custom-text-vv-before-5445\">\u00a1Haz clic para puntuar esta entrada!<\/div><div id='yasr-vv-second-row-container-09e6b621e0a9a' \n                                        class='yasr-vv-second-row-container'><div id='yasr-visitor-votes-rater-09e6b621e0a9a'\n                                      class='yasr-rater-stars-vv'\n                                      data-rater-postid='5445' \n                                      data-rating='0'\n                                      data-rater-starsize='32'\n                                      data-rater-readonly='false'\n                                      data-rater-nonce='66ef5737d4' \n                                      data-issingular='false'\n                                    ><\/div><div class=\"yasr-vv-stats-text-container\" id=\"yasr-vv-stats-text-container-09e6b621e0a9a\"><svg xmlns=\"https:\/\/www.w3.org\/2000\/svg\" width=\"20\" height=\"20\" \n                               class=\"yasr-dashicons-visitor-stats\"\n                               data-postid=\"5445\" \n                               id=\"yasr-stats-dashicon-09e6b621e0a9a\">\n                            <path d=\"M18 18v-16h-4v16h4zM12 18v-11h-4v11h4zM6 18v-8h-4v8h4z\"><\/path>\n                          <\/svg><span id=\"yasr-vv-text-container-09e6b621e0a9a\" class=\"yasr-vv-text-container\">(Votos: <span id=\"yasr-vv-votes-number-container-09e6b621e0a9a\">0<\/span>  Promedio: <span id=\"yasr-vv-average-container-09e6b621e0a9a\">0<\/span>)<\/span><\/div><div id='yasr-vv-loader-09e6b621e0a9a' class='yasr-vv-container-loader'><\/div><\/div><div id='yasr-vv-bottom-container-09e6b621e0a9a' \n                              class='yasr-vv-bottom-container'\n                              style='display:none'><\/div><\/div><!--End Yasr Visitor Votes Shortcode--><\/div>","protected":false},"excerpt":{"rendered":"<p>&nbsp; Pol\u00edtica de privacidad y protecci\u00f3n de datos 1.- Presentaci\u00f3n y derecho de informaci\u00f3n El presente sitio web es propiedad de Maventur Travel. (en adelante, \u201cMAVENTUR.COM\u201d), con R.C. N\u00b0 001875430000011 y domicilio social en Rue Tauima, 24, 26002 \u2013 Nador &#8211; Marruecos MAVENTUR.COM se toma muy en serio la protecci\u00f3n de su privacidad y de [&hellip;]<\/p>\n","protected":false},"author":1,"featured_media":0,"parent":0,"menu_order":0,"comment_status":"closed","ping_status":"closed","template":"","meta":{"inline_featured_image":false,"yasr_overall_rating":0,"yasr_post_is_review":"","yasr_auto_insert_disabled":"","yasr_review_type":"","yasr_pro_reviews_in_comment_enabled":0,"footnotes":""},"class_list":["post-5445","page","type-page","status-publish","hentry"],"yasr_visitor_votes":{"number_of_votes":0,"sum_votes":0,"stars_attributes":{"read_only":false,"span_bottom":false}},"yoast_head":"<!-- This site is optimized with the Yoast SEO plugin v27.6 - https:\/\/yoast.com\/product\/yoast-seo-wordpress\/ -->\n<title>Pol\u00edtica de Privacidad - Maventur.com<\/title>\n<meta name=\"robots\" content=\"index, follow, max-snippet:-1, max-image-preview:large, max-video-preview:-1\" \/>\n<link rel=\"canonical\" href=\"https:\/\/www.maventur.com\/en\/politica-de-privacidad\/\" \/>\n<!-- \/ Yoast SEO plugin. -->","yoast_head_json":{"title":"Pol\u00edtica de Privacidad - Maventur.com","robots":{"index":"index","follow":"follow","max-snippet":"max-snippet:-1","max-image-preview":"max-image-preview:large","max-video-preview":"max-video-preview:-1"},"canonical":"https:\/\/www.maventur.com\/en\/politica-de-privacidad\/","schema":{"@context":"https:\/\/schema.org","@graph":[{"@type":"WebPage","@id":"https:\/\/www.maventur.com\/politica-de-privacidad\/","url":"https:\/\/www.maventur.com\/politica-de-privacidad\/","name":"Pol\u00edtica de Privacidad - Maventur.com","isPartOf":{"@id":"https:\/\/www.maventur.com\/#website"},"datePublished":"2018-05-08T09:08:23+00:00","dateModified":"2025-08-12T19:37:22+00:00","breadcrumb":{"@id":"https:\/\/www.maventur.com\/politica-de-privacidad\/#breadcrumb"},"inLanguage":"en-GB","potentialAction":[{"@type":"ReadAction","target":["https:\/\/www.maventur.com\/politica-de-privacidad\/"]}]},{"@type":"BreadcrumbList","@id":"https:\/\/www.maventur.com\/politica-de-privacidad\/#breadcrumb","itemListElement":[{"@type":"ListItem","position":1,"name":"Portada","item":"https:\/\/www.maventur.com\/"},{"@type":"ListItem","position":2,"name":"Pol\u00edtica de Privacidad"}]},{"@type":"WebSite","@id":"https:\/\/www.maventur.com\/#website","url":"https:\/\/www.maventur.com\/","name":"Maventur.com","description":"Expertos en Viajes a Medida por el Mundo","potentialAction":[{"@type":"SearchAction","target":{"@type":"EntryPoint","urlTemplate":"https:\/\/www.maventur.com\/?s={search_term_string}"},"query-input":{"@type":"PropertyValueSpecification","valueRequired":true,"valueName":"search_term_string"}}],"inLanguage":"en-GB"}]}},"_links":{"self":[{"href":"https:\/\/www.maventur.com\/en\/wp-json\/wp\/v2\/pages\/5445","targetHints":{"allow":["GET"]}}],"collection":[{"href":"https:\/\/www.maventur.com\/en\/wp-json\/wp\/v2\/pages"}],"about":[{"href":"https:\/\/www.maventur.com\/en\/wp-json\/wp\/v2\/types\/page"}],"author":[{"embeddable":true,"href":"https:\/\/www.maventur.com\/en\/wp-json\/wp\/v2\/users\/1"}],"replies":[{"embeddable":true,"href":"https:\/\/www.maventur.com\/en\/wp-json\/wp\/v2\/comments?post=5445"}],"version-history":[{"count":0,"href":"https:\/\/www.maventur.com\/en\/wp-json\/wp\/v2\/pages\/5445\/revisions"}],"wp:attachment":[{"href":"https:\/\/www.maventur.com\/en\/wp-json\/wp\/v2\/media?parent=5445"}],"curies":[{"name":"wp","href":"https:\/\/api.w.org\/{rel}","templated":true}]}}