{"id":5440,"date":"2018-05-08T08:33:38","date_gmt":"2018-05-08T08:33:38","guid":{"rendered":"http:\/\/www.maventur.com\/?page_id=5440"},"modified":"2018-05-08T11:09:37","modified_gmt":"2018-05-08T11:09:37","slug":"politica-de-cookies","status":"publish","type":"page","link":"https:\/\/www.maventur.com\/en\/politica-de-cookies\/","title":{"rendered":"Pol\u00edtica de Cookies"},"content":{"rendered":"<h3><span style=\"color: #ff6600;\">Pol\u00edtica de Cookies<\/span><\/h3>\n<p><span class=\"a-sub-empleo\">El presente sitio web (en adelante, el \u201cSitio Web\u201d) utiliza cookies para realizar un seguimiento de las interacciones de los usuarios con los servicios que ofrece el titular del sitio web, Maventur.com\u00a0<\/span><span class=\"\">\u00a0usuarios en el Sitio Web. Los tipos de cookies que utiliza el Sitio Web son los siguientes:<\/span><\/p>\n<h4><span class=\"a-title-normal\" style=\"color: #ff6600;\">1.- Qu\u00e9 son las cookies:<\/span><\/h4>\n<p><span class=\"\">Las cookies son peque\u00f1os archivos de texto que se descargan y almacenan en el terminal (ordenador\/smartphone\/tablet) del usuario al acceder a determinadas p\u00e1ginas web y que permiten al sitio web recordar preferencias de navegaci\u00f3n y navegar de manera eficiente, haciendo que la interacci\u00f3n entre el usuario y el sitio web sea m\u00e1s r\u00e1pida y f\u00e1cil.<\/span><\/p>\n<p>La informaci\u00f3n recogida por las cookies u otros dispositivos de almacenamiento es totalmente an\u00f3nima y no contiene ninguna informaci\u00f3n sensible (como el nombre, direcci\u00f3n o detalles bancarios) ya que \u00e9stas no recogen datos que puedan identificar personalmente al usuario.<\/p>\n<h4><span class=\"a-title-normal\" style=\"color: #ff6600;\">2.- Tipos de cookies utilizadas:<\/span><\/h4>\n<p><span class=\"\">El presente Sitio Web utiliza cookies, p\u00edxeles u otros dispositivos de almacenamiento y recuperaci\u00f3n de informaci\u00f3n para realizar un seguimiento de las interacciones de los usuarios en el Sitio Web. Los tipos de cookies que utiliza el Sitio Web son los siguientes:<\/span><\/p>\n<p><span style=\"color: #333399;\">Cookies propias<\/span><\/p>\n<p><span class=\"\">Cookies de MAVENTUR.COM: Estas cookies permiten que el sitio Web funcione correctamente por lo que son esenciales para que el usuario pueda usar todas las opciones del Sitio Web y pueda moverse por el mismo con normalidad. Permiten, por ejemplo, guardar sus preferencias personales.<\/span><\/p>\n<table class=\"miTabla\" style=\"width: 989px;\">\n<tbody>\n<tr>\n<th style=\"width: 171px;\">Empresa<\/th>\n<th style=\"width: 141px;\">Informaci\u00f3n<\/th>\n<th style=\"width: 658px;\">Finalidad<\/th>\n<\/tr>\n<tr>\n<td style=\"width: 171px;\">MAVENTUR.COM<\/td>\n<td style=\"width: 141px;\">Ubicaci\u00f3n del usuario y preferencias personales<\/td>\n<td style=\"width: 658px;\">Permiten ofrecer un servicio m\u00e1s personalizado a cada visitante, as\u00ed como guardar las preferencias personales, como por ejemplo la divisa en la que se muestran los precios.<\/td>\n<\/tr>\n<\/tbody>\n<\/table>\n<p><span style=\"color: #333399;\">Cookies de Terceros<\/span><\/p>\n<h4><span class=\"\"><span style=\"color: #ff6600;\"><b>Cookies de anal\u00edtica<\/b>:<\/span> <\/span><\/h4>\n<p><span class=\"\">Estas cookies permiten recopilar informaci\u00f3n an\u00f3nima sobre la navegaci\u00f3n de los usuarios por el Sitio Web y sus patrones de comportamiento, con el fin de conocer el origen de las visitas y otros datos estad\u00edsticos, as\u00ed como de mejorar el funcionamiento del servicio.<\/span><\/p>\n<table class=\"miTabla\" style=\"width: 993px;\">\n<tbody>\n<tr>\n<th style=\"width: 73px;\">Empresa<\/th>\n<th style=\"width: 296px;\">Informaci\u00f3n<\/th>\n<th style=\"width: 386.6px;\">Finalidad<\/th>\n<th style=\"width: 209.4px;\">M\u00e1s informaci\u00f3n<\/th>\n<\/tr>\n<tr>\n<td style=\"width: 73px;\">Google Analytics<\/td>\n<td style=\"width: 296px;\">P\u00e1ginas visitadas, tiempo de navegaci\u00f3n, origen del visitante, ubicaci\u00f3n&#8230;<\/td>\n<td style=\"width: 386.6px;\">Informes estad\u00edsticos sobre como los usuarios encuentran la p\u00e1gina web, c\u00f3mo la utilizan y si esta funciona correctamente<\/td>\n<td style=\"width: 209.4px;\"><a href=\"https:\/\/developers.google.com\/analytics\/devguides\/collection\/analyticsjs\/cookie-usage\" rel=\"nofollow\">Ver<\/a><\/td>\n<\/tr>\n<tr>\n<td style=\"width: 73px;\">New Relic<\/td>\n<td style=\"width: 296px;\">Informaci\u00f3n sobre la navegaci\u00f3n<\/td>\n<td style=\"width: 386.6px;\">Informes sobre como los usuarios utilizan la web y si esta funciona correctamente<\/td>\n<td style=\"width: 209.4px;\"><a href=\"https:\/\/docs.newrelic.com\/docs\/browser\/new-relic-browser\/page-load-timing-resources\/new-relic-cookies\" rel=\"nofollow\">Ver<\/a><\/td>\n<\/tr>\n<\/tbody>\n<\/table>\n<h4><span class=\"\"><span style=\"color: #ff6600;\"><b>Cookies de publicidad<\/b>:<\/span> <\/span><\/h4>\n<p><span class=\"\">Permiten la gesti\u00f3n, de la forma m\u00e1s eficaz posible, de los espacios publicitarios que, el editor haya incluido en el Sitio Web, aplicaci\u00f3n o plataforma desde la que presta el servicio solicitado en base a criterios como el contenido editado o la frecuencia en la que se muestran los anuncios. Permiten ofrecer publicidad af\u00edn a los intereses del Usuario.<\/span><\/p>\n<table class=\"miTabla\" style=\"width: 993px;\">\n<tbody>\n<tr>\n<th style=\"width: 96px;\">Empresa<\/th>\n<th style=\"width: 380px;\">Informaci\u00f3n<\/th>\n<th style=\"width: 281.6px;\">Finalidad<\/th>\n<th style=\"width: 208.4px;\">M\u00e1s informaci\u00f3n<\/th>\n<\/tr>\n<tr>\n<td style=\"width: 96px;\">Doubleclick (Google, Inc.)<\/td>\n<td style=\"width: 380px;\">Informaci\u00f3n sobre los anuncios que han sido mostrados a un usuario, sobre los que le interesan y sobre si visita la p\u00e1gina web del anunciante<\/td>\n<td style=\"width: 281.6px;\">Mejorar y gestionar la exposici\u00f3n de anuncios publicitarios al usuario evitando que aparezcan anuncios que ya ha visto<\/td>\n<td style=\"width: 208.4px;\"><a href=\"https:\/\/support.google.com\/adsense\/answer\/2839090?hl=es\" rel=\"nofollow\">Ver<\/a><\/td>\n<\/tr>\n<tr>\n<td style=\"width: 96px;\">Tradedoubler<\/td>\n<td style=\"width: 380px;\">Informaci\u00f3n sobre el anuncio mostrado al usuario<\/td>\n<td style=\"width: 281.6px;\">Permite analizar la interacci\u00f3n de un usuario con un anuncio<\/td>\n<td style=\"width: 208.4px;\"><a href=\"http:\/\/www.tradedoubler.com\/es-es\/privacy-policy\/\" rel=\"nofollow\">Ver<\/a><\/td>\n<\/tr>\n<tr>\n<td style=\"width: 96px;\">Facebook<\/td>\n<td style=\"width: 380px;\">Datos del usuario en Facebook y su navegaci\u00f3n en la p\u00e1gina actual<\/td>\n<td style=\"width: 281.6px;\">Permiten compartir el contenido de una p\u00e1gina y saber si a tus amigos tambi\u00e9n les gusta, tambi\u00e9n personalizar los anuncios dentro de Facebook<\/td>\n<td style=\"width: 208.4px;\"><a href=\"https:\/\/www.facebook.com\/help\/cookies\/\" rel=\"nofollow\">Ver<\/a><\/td>\n<\/tr>\n<\/tbody>\n<\/table>\n<h4><span class=\"a-title-normal\" style=\"color: #ff6600;\">3.- Web beacons o web bug:\u00a0<\/span><\/h4>\n<p><span class=\"\">Este Sitio Web tambi\u00e9n utiliza Web Beacons, que suelen ser peque\u00f1as im\u00e1genes de un pixel por un pixel, visibles o invisibles colocados dentro del c\u00f3digo fuente de algunos sitios web, y tienen una finalidad similar a las cookies. Los Web Beacons suelen utilizarse a modo estad\u00edstico, para medir el tr\u00e1fico de usuarios que visitan una p\u00e1gina web y poder sacar un patr\u00f3n de los usuarios de un sitio web. Los datos obtenidos a trav\u00e9s de los Web Beacons son en todo caso an\u00f3nimos.<\/span><\/p>\n<h4><span class=\"a-title-normal\" style=\"color: #ff6600;\">4.- C\u00f3mo deshabilitar las cookies y otros dispositivos:<\/span><\/h4>\n<p><span class=\"\">La mayor\u00eda de navegadores web permiten gestionar las preferencias de cookies u otros dispositivos de almacenamiento, para tener un control m\u00e1s preciso sobre la privacidad.<\/span><\/p>\n<p>Los siguientes links muestran las instrucciones para desactivar la configuraci\u00f3n de las cookies en cada navegador:<\/p>\n<h5>1. Internet Explorer (<a href=\"http:\/\/goo.gl\/vFM6gb\" rel=\"nofollow\">http:\/\/goo.gl\/vFM6gb<\/a>)<\/h5>\n<ul class=\"listado\">\n<li>En el men\u00fa de herramientas, seleccione \u201cOpciones de Internet\u201d.<\/li>\n<li>Haga clic en la pesta\u00f1a de privacidad.<\/li>\n<li>Podr\u00e1 configurar la privacidad con un cursor con seis posiciones que le permite controlar la cantidad de cookies que se instalar\u00e1n: Bloquear todas las cookies, Alta, Media Alto, Media (nivel por defecto), Baja, y Aceptar todas las cookies.<\/li>\n<\/ul>\n<p>&nbsp;<\/p>\n<h5>2. Mozilla Firefox (<a href=\"http:\/\/goo.gl\/QXWYmv\" rel=\"nofollow\">http:\/\/goo.gl\/QXWYmv<\/a>)<\/h5>\n<ul class=\"listado\">\n<li>En la parte superior de la ventana de Firefox hacer clic en el men\u00fa Herramientas.<\/li>\n<li>Seleccionar Opciones.<\/li>\n<li>Seleccionar el panel Privacidad.<\/li>\n<li>En la opci\u00f3n Firefox podr\u00e1 elegir Usar una configuraci\u00f3n personalizada para el historial para configurar las opciones.<\/li>\n<\/ul>\n<p>&nbsp;<\/p>\n<h5>3. Google Chrome (<a href=\"http:\/\/goo.gl\/fQnkSB\" rel=\"nofollow\">http:\/\/goo.gl\/fQnkSB<\/a>)<\/h5>\n<ul class=\"listado\">\n<li>Hacer clic en el men\u00fa situado en la barra de herramientas.<\/li>\n<li>Seleccionar Configuraci\u00f3n.<\/li>\n<li>Hacer clic en Mostar opciones avanzadas.<\/li>\n<li>En la secci\u00f3n &#8216;Privacidad&#8217; hacer clic en el bot\u00f3n Configuraci\u00f3n de contenido.<\/li>\n<li>En la secci\u00f3n de &#8216;Cookies&#8217; se pueden configurar las opciones.<\/li>\n<\/ul>\n<p>&nbsp;<\/p>\n<h5>4. Safari (<a href=\"http:\/\/goo.gl\/KFBFh\" rel=\"nofollow\">http:\/\/goo.gl\/KFBFh<\/a>)<\/h5>\n<ul class=\"listado\">\n<li>En el men\u00fa de configuraci\u00f3n, seleccione la opci\u00f3n de \u201cpreferencias\u201d.<\/li>\n<li>Abra la pesta\u00f1a de privacidad.<\/li>\n<li>Seleccione la opci\u00f3n que quiera de la secci\u00f3n de \u201cbloquear cookies\u201d.<\/li>\n<li>Recuerde que ciertas funciones y la plena funcionalidad del Sitio pueden no estar disponibles despu\u00e9s de deshabilitar los cookies.<\/li>\n<\/ul>\n<p><span class=\"\">Si desea no ser rastreado por las cookies, Google ha desarrollado un complemento para instalar en su navegador al que puede acceder en el siguiente enlace:\u00a0<a href=\"http:\/\/goo.gl\/up4ND\" rel=\"nofollow\">http:\/\/goo.gl\/up4ND<\/a>.<\/span><\/p>\n<h4><span class=\"a-title-normal\" style=\"color: #ff6600;\">5.- Cookies en los dispositivos m\u00f3viles:<\/span><\/h4>\n<p><span class=\"\">El presente Sitio Web tambi\u00e9n usa cookies u otros dispositivos de almacenamiento en dispositivos m\u00f3viles. En este caso, al igual que sucede en los navegadores de ordenadores, los navegadores de los dispositivos m\u00f3viles permiten configurar las opciones o ajustes de privacidad para desactivar o eliminar las cookies.<\/span><\/p>\n<p>Si desea modificar las opciones de privacidad siga las instrucciones especificadas por el desarrollador de su navegador para dispositivo m\u00f3vil.<\/p>\n<p>Asimismo, a continuaci\u00f3n podr\u00e1 encontrar algunos ejemplos de los links que le guiar\u00e1n para modificar las opciones de privacidad en su dispositivo m\u00f3vil:<\/p>\n<ul class=\"listado\">\n<li>IOS: (<a href=\"http:\/\/goo.gl\/61xevS\" rel=\"nofollow\">http:\/\/goo.gl\/61xevS<\/a>)<\/li>\n<li>Windows Phone: (<a href=\"http:\/\/goo.gl\/Rx8QQ\" rel=\"nofollow\">http:\/\/goo.gl\/Rx8QQ<\/a>)<\/li>\n<li>Chrome Mobile: (<a href=\"http:\/\/goo.gl\/XJp7N\" rel=\"nofollow\">http:\/\/goo.gl\/XJp7N<\/a>)<\/li>\n<li>Opera Mobile: (<a href=\"http:\/\/goo.gl\/Nzr8s7\" rel=\"nofollow\">http:\/\/goo.gl\/Nzr8s7<\/a>)<\/li>\n<\/ul>\n<h4><span class=\"a-title-normal\" style=\"color: #ff6600;\">6.- Aceptaci\u00f3n de cookies:<\/span><\/h4>\n<p><span class=\"\">Si usted contin\u00faa su navegaci\u00f3n, entenderemos que acepta la utilizaci\u00f3n de las cookies por parte del sitio web.<\/span><\/p>\n<p>Le informamos que en el caso de bloquear o no aceptar la instalaci\u00f3n de cookies, es posible que ciertos servicios no est\u00e9n disponibles sin la utilizaci\u00f3n de \u00e9stas o que no pueda acceder a determinados servicios ni tampoco aprovechar por completo todo lo que este sitio web le ofrece.<\/p>\n<div style=\"text-align:center\" class=\"yasr-auto-insert-visitor\"><!--Yasr Visitor Votes Shortcode--><div id='yasr_visitor_votes_5440' class='yasr-visitor-votes'><div class=\"yasr-custom-text-vv-before yasr-custom-text-vv-before-5440\">\u00a1Haz clic para puntuar esta entrada!<\/div><div id='yasr-vv-second-row-container-05d5a9e926374' \n                                        class='yasr-vv-second-row-container'><div id='yasr-visitor-votes-rater-05d5a9e926374'\n                                      class='yasr-rater-stars-vv'\n                                      data-rater-postid='5440' \n                                      data-rating='0'\n                                      data-rater-starsize='32'\n                                      data-rater-readonly='false'\n                                      data-rater-nonce='66ef5737d4' \n                                      data-issingular='false'\n                                    ><\/div><div class=\"yasr-vv-stats-text-container\" id=\"yasr-vv-stats-text-container-05d5a9e926374\"><svg xmlns=\"https:\/\/www.w3.org\/2000\/svg\" width=\"20\" height=\"20\" \n                               class=\"yasr-dashicons-visitor-stats\"\n                               data-postid=\"5440\" \n                               id=\"yasr-stats-dashicon-05d5a9e926374\">\n                            <path d=\"M18 18v-16h-4v16h4zM12 18v-11h-4v11h4zM6 18v-8h-4v8h4z\"><\/path>\n                          <\/svg><span id=\"yasr-vv-text-container-05d5a9e926374\" class=\"yasr-vv-text-container\">(Votos: <span id=\"yasr-vv-votes-number-container-05d5a9e926374\">0<\/span>  Promedio: <span id=\"yasr-vv-average-container-05d5a9e926374\">0<\/span>)<\/span><\/div><div id='yasr-vv-loader-05d5a9e926374' class='yasr-vv-container-loader'><\/div><\/div><div id='yasr-vv-bottom-container-05d5a9e926374' \n                              class='yasr-vv-bottom-container'\n                              style='display:none'><\/div><\/div><!--End Yasr Visitor Votes Shortcode--><\/div>","protected":false},"excerpt":{"rendered":"<p>Pol\u00edtica de Cookies El presente sitio web (en adelante, el \u201cSitio Web\u201d) utiliza cookies para realizar un seguimiento de las interacciones de los usuarios con los servicios que ofrece el titular del sitio web, Maventur.com\u00a0\u00a0usuarios en el Sitio Web. Los tipos de cookies que utiliza el Sitio Web son los siguientes: 1.- Qu\u00e9 son las [&hellip;]<\/p>\n","protected":false},"author":1,"featured_media":0,"parent":0,"menu_order":0,"comment_status":"closed","ping_status":"closed","template":"","meta":{"inline_featured_image":false,"yasr_overall_rating":0,"yasr_post_is_review":"","yasr_auto_insert_disabled":"","yasr_review_type":"","yasr_pro_reviews_in_comment_enabled":0,"footnotes":""},"class_list":["post-5440","page","type-page","status-publish","hentry"],"yasr_visitor_votes":{"number_of_votes":0,"sum_votes":0,"stars_attributes":{"read_only":false,"span_bottom":false}},"yoast_head":"<!-- This site is optimized with the Yoast SEO plugin v27.6 - https:\/\/yoast.com\/product\/yoast-seo-wordpress\/ -->\n<title>Pol\u00edtica de Cookies - Maventur.com<\/title>\n<meta name=\"robots\" content=\"index, follow, max-snippet:-1, max-image-preview:large, max-video-preview:-1\" \/>\n<link rel=\"canonical\" href=\"https:\/\/www.maventur.com\/en\/politica-de-cookies\/\" \/>\n<!-- \/ Yoast SEO plugin. -->","yoast_head_json":{"title":"Pol\u00edtica de Cookies - Maventur.com","robots":{"index":"index","follow":"follow","max-snippet":"max-snippet:-1","max-image-preview":"max-image-preview:large","max-video-preview":"max-video-preview:-1"},"canonical":"https:\/\/www.maventur.com\/en\/politica-de-cookies\/","schema":{"@context":"https:\/\/schema.org","@graph":[{"@type":"WebPage","@id":"https:\/\/www.maventur.com\/politica-de-cookies\/","url":"https:\/\/www.maventur.com\/politica-de-cookies\/","name":"Pol\u00edtica de Cookies - Maventur.com","isPartOf":{"@id":"https:\/\/www.maventur.com\/#website"},"datePublished":"2018-05-08T08:33:38+00:00","dateModified":"2018-05-08T11:09:37+00:00","breadcrumb":{"@id":"https:\/\/www.maventur.com\/politica-de-cookies\/#breadcrumb"},"inLanguage":"en-GB","potentialAction":[{"@type":"ReadAction","target":["https:\/\/www.maventur.com\/politica-de-cookies\/"]}]},{"@type":"BreadcrumbList","@id":"https:\/\/www.maventur.com\/politica-de-cookies\/#breadcrumb","itemListElement":[{"@type":"ListItem","position":1,"name":"Portada","item":"https:\/\/www.maventur.com\/"},{"@type":"ListItem","position":2,"name":"Pol\u00edtica de Cookies"}]},{"@type":"WebSite","@id":"https:\/\/www.maventur.com\/#website","url":"https:\/\/www.maventur.com\/","name":"Maventur.com","description":"Expertos en Viajes a Medida por el Mundo","potentialAction":[{"@type":"SearchAction","target":{"@type":"EntryPoint","urlTemplate":"https:\/\/www.maventur.com\/?s={search_term_string}"},"query-input":{"@type":"PropertyValueSpecification","valueRequired":true,"valueName":"search_term_string"}}],"inLanguage":"en-GB"}]}},"_links":{"self":[{"href":"https:\/\/www.maventur.com\/en\/wp-json\/wp\/v2\/pages\/5440","targetHints":{"allow":["GET"]}}],"collection":[{"href":"https:\/\/www.maventur.com\/en\/wp-json\/wp\/v2\/pages"}],"about":[{"href":"https:\/\/www.maventur.com\/en\/wp-json\/wp\/v2\/types\/page"}],"author":[{"embeddable":true,"href":"https:\/\/www.maventur.com\/en\/wp-json\/wp\/v2\/users\/1"}],"replies":[{"embeddable":true,"href":"https:\/\/www.maventur.com\/en\/wp-json\/wp\/v2\/comments?post=5440"}],"version-history":[{"count":0,"href":"https:\/\/www.maventur.com\/en\/wp-json\/wp\/v2\/pages\/5440\/revisions"}],"wp:attachment":[{"href":"https:\/\/www.maventur.com\/en\/wp-json\/wp\/v2\/media?parent=5440"}],"curies":[{"name":"wp","href":"https:\/\/api.w.org\/{rel}","templated":true}]}}