{"id":22946,"date":"2026-03-04T12:53:32","date_gmt":"2026-03-04T12:53:32","guid":{"rendered":"https:\/\/www.maventur.com\/?page_id=22946"},"modified":"2026-03-11T12:59:32","modified_gmt":"2026-03-11T12:59:32","slug":"oferta-especial-tunez-con-playa-8-dias-y-7-noches","status":"publish","type":"page","link":"https:\/\/www.maventur.com\/en\/ofertas-especiales\/oferta-especial-tunez-con-playa-8-dias-y-7-noches\/","title":{"rendered":"Oferta Especial &#8211; T\u00fanez, Playa y Desierto"},"content":{"rendered":"<div style=\"text-align:center\" class=\"yasr-auto-insert-visitor\"><!--Yasr Visitor Votes Shortcode--><div id='yasr_visitor_votes_22946' class='yasr-visitor-votes'><div class=\"yasr-custom-text-vv-before yasr-custom-text-vv-before-22946\">\u00a1Haz clic para puntuar esta entrada!<\/div><div id='yasr-vv-second-row-container-0117e316fe409' \n                                        class='yasr-vv-second-row-container'><div id='yasr-visitor-votes-rater-0117e316fe409'\n                                      class='yasr-rater-stars-vv'\n                                      data-rater-postid='22946' \n                                      data-rating='0'\n                                      data-rater-starsize='32'\n                                      data-rater-readonly='false'\n                                      data-rater-nonce='cafadd5966' \n                                      data-issingular='false'\n                                    ><\/div><div class=\"yasr-vv-stats-text-container\" id=\"yasr-vv-stats-text-container-0117e316fe409\"><svg xmlns=\"https:\/\/www.w3.org\/2000\/svg\" width=\"20\" height=\"20\" \n                               class=\"yasr-dashicons-visitor-stats\"\n                               data-postid=\"22946\" \n                               id=\"yasr-stats-dashicon-0117e316fe409\">\n                            <path d=\"M18 18v-16h-4v16h4zM12 18v-11h-4v11h4zM6 18v-8h-4v8h4z\"><\/path>\n                          <\/svg><span id=\"yasr-vv-text-container-0117e316fe409\" class=\"yasr-vv-text-container\">(Votos: <span id=\"yasr-vv-votes-number-container-0117e316fe409\">0<\/span>  Promedio: <span id=\"yasr-vv-average-container-0117e316fe409\">0<\/span>)<\/span><\/div><div id='yasr-vv-loader-0117e316fe409' class='yasr-vv-container-loader'><\/div><\/div><div id='yasr-vv-bottom-container-0117e316fe409' \n                              class='yasr-vv-bottom-container'\n                              style='display:none'><\/div><\/div><!--End Yasr Visitor Votes Shortcode--><\/div>","protected":false},"excerpt":{"rendered":"<p>\u00a1Haz clic para puntuar esta entrada! (Votos: 0 Promedio: 0)<\/p>","protected":false},"author":1,"featured_media":22949,"parent":9649,"menu_order":0,"comment_status":"closed","ping_status":"closed","template":"","meta":{"inline_featured_image":false,"yasr_overall_rating":0,"yasr_post_is_review":"","yasr_auto_insert_disabled":"","yasr_review_type":"","yasr_pro_reviews_in_comment_enabled":0,"footnotes":""},"class_list":["post-22946","page","type-page","status-publish","has-post-thumbnail","hentry"],"yasr_visitor_votes":{"number_of_votes":0,"sum_votes":0,"stars_attributes":{"read_only":false,"span_bottom":false}},"yoast_head":"<!-- This site is optimized with the Yoast SEO plugin v27.4 - https:\/\/yoast.com\/product\/yoast-seo-wordpress\/ -->\n<title>Oferta Especial - T\u00fanez, Playa y Desierto - Maventur.com<\/title>\n<meta name=\"description\" content=\"Descubre T\u00fanez: playas paradis\u00edacas y aventura en el desierto del Sahara. Circuito con hoteles, vuelos incluidos y experiencias \u00fanicas.\" \/>\n<meta name=\"robots\" content=\"index, follow, max-snippet:-1, max-image-preview:large, max-video-preview:-1\" \/>\n<link rel=\"canonical\" href=\"https:\/\/www.maventur.com\/en\/ofertas-especiales\/oferta-especial-tunez-con-playa-8-dias-y-7-noches\/\" \/>\n<!-- \/ Yoast SEO plugin. -->","yoast_head_json":{"title":"Oferta Especial - T\u00fanez, Playa y Desierto - Maventur.com","description":"Descubre T\u00fanez: playas paradis\u00edacas y aventura en el desierto del Sahara. Circuito con hoteles, vuelos incluidos y experiencias \u00fanicas.","robots":{"index":"index","follow":"follow","max-snippet":"max-snippet:-1","max-image-preview":"max-image-preview:large","max-video-preview":"max-video-preview:-1"},"canonical":"https:\/\/www.maventur.com\/en\/ofertas-especiales\/oferta-especial-tunez-con-playa-8-dias-y-7-noches\/","schema":{"@context":"https:\/\/schema.org","@graph":[{"@type":"WebPage","@id":"https:\/\/www.maventur.com\/ofertas-especiales\/oferta-especial-tunez-con-playa-8-dias-y-7-noches\/","url":"https:\/\/www.maventur.com\/ofertas-especiales\/oferta-especial-tunez-con-playa-8-dias-y-7-noches\/","name":"Oferta Especial - T\u00fanez, Playa y Desierto - Maventur.com","isPartOf":{"@id":"https:\/\/www.maventur.com\/#website"},"primaryImageOfPage":{"@id":"https:\/\/www.maventur.com\/ofertas-especiales\/oferta-especial-tunez-con-playa-8-dias-y-7-noches\/#primaryimage"},"image":{"@id":"https:\/\/www.maventur.com\/ofertas-especiales\/oferta-especial-tunez-con-playa-8-dias-y-7-noches\/#primaryimage"},"thumbnailUrl":"https:\/\/www.maventur.com\/wp-content\/uploads\/2026\/03\/ESCAPADA-TUNEZ-OFERTA.jpg","datePublished":"2026-03-04T12:53:32+00:00","dateModified":"2026-03-11T12:59:32+00:00","description":"Descubre T\u00fanez: playas paradis\u00edacas y aventura en el desierto del Sahara. Circuito con hoteles, vuelos incluidos y experiencias \u00fanicas.","breadcrumb":{"@id":"https:\/\/www.maventur.com\/ofertas-especiales\/oferta-especial-tunez-con-playa-8-dias-y-7-noches\/#breadcrumb"},"inLanguage":"en-GB","potentialAction":[{"@type":"ReadAction","target":["https:\/\/www.maventur.com\/ofertas-especiales\/oferta-especial-tunez-con-playa-8-dias-y-7-noches\/"]}]},{"@type":"ImageObject","inLanguage":"en-GB","@id":"https:\/\/www.maventur.com\/ofertas-especiales\/oferta-especial-tunez-con-playa-8-dias-y-7-noches\/#primaryimage","url":"https:\/\/www.maventur.com\/wp-content\/uploads\/2026\/03\/ESCAPADA-TUNEZ-OFERTA.jpg","contentUrl":"https:\/\/www.maventur.com\/wp-content\/uploads\/2026\/03\/ESCAPADA-TUNEZ-OFERTA.jpg","width":1333,"height":2000,"caption":"ESCAPADA TUNEZ OFERTA"},{"@type":"BreadcrumbList","@id":"https:\/\/www.maventur.com\/ofertas-especiales\/oferta-especial-tunez-con-playa-8-dias-y-7-noches\/#breadcrumb","itemListElement":[{"@type":"ListItem","position":1,"name":"Portada","item":"https:\/\/www.maventur.com\/"},{"@type":"ListItem","position":2,"name":"Ofertas Especiales &#8211; Los Mejores Destinos","item":"https:\/\/www.maventur.com\/ofertas-especiales\/"},{"@type":"ListItem","position":3,"name":"Oferta Especial &#8211; T\u00fanez, Playa y Desierto"}]},{"@type":"WebSite","@id":"https:\/\/www.maventur.com\/#website","url":"https:\/\/www.maventur.com\/","name":"Maventur.com","description":"Expertos en Viajes a Medida por el Mundo","potentialAction":[{"@type":"SearchAction","target":{"@type":"EntryPoint","urlTemplate":"https:\/\/www.maventur.com\/?s={search_term_string}"},"query-input":{"@type":"PropertyValueSpecification","valueRequired":true,"valueName":"search_term_string"}}],"inLanguage":"en-GB"}]}},"_links":{"self":[{"href":"https:\/\/www.maventur.com\/en\/wp-json\/wp\/v2\/pages\/22946","targetHints":{"allow":["GET"]}}],"collection":[{"href":"https:\/\/www.maventur.com\/en\/wp-json\/wp\/v2\/pages"}],"about":[{"href":"https:\/\/www.maventur.com\/en\/wp-json\/wp\/v2\/types\/page"}],"author":[{"embeddable":true,"href":"https:\/\/www.maventur.com\/en\/wp-json\/wp\/v2\/users\/1"}],"replies":[{"embeddable":true,"href":"https:\/\/www.maventur.com\/en\/wp-json\/wp\/v2\/comments?post=22946"}],"version-history":[{"count":0,"href":"https:\/\/www.maventur.com\/en\/wp-json\/wp\/v2\/pages\/22946\/revisions"}],"up":[{"embeddable":true,"href":"https:\/\/www.maventur.com\/en\/wp-json\/wp\/v2\/pages\/9649"}],"wp:featuredmedia":[{"embeddable":true,"href":"https:\/\/www.maventur.com\/en\/wp-json\/wp\/v2\/media\/22949"}],"wp:attachment":[{"href":"https:\/\/www.maventur.com\/en\/wp-json\/wp\/v2\/media?parent=22946"}],"curies":[{"name":"wp","href":"https:\/\/api.w.org\/{rel}","templated":true}]}}