{"id":22331,"date":"2025-11-17T21:17:22","date_gmt":"2025-11-17T21:17:22","guid":{"rendered":"https:\/\/www.maventur.com\/?page_id=22331"},"modified":"2025-12-11T20:21:35","modified_gmt":"2025-12-11T20:21:35","slug":"freetours","status":"publish","type":"page","link":"https:\/\/www.maventur.com\/en\/freetours\/","title":{"rendered":"Free tours por todo el mundo"},"content":{"rendered":"<div style=\"text-align:center\" class=\"yasr-auto-insert-visitor\"><!--Yasr Visitor Votes Shortcode--><div id='yasr_visitor_votes_22331' class='yasr-visitor-votes'><div class=\"yasr-custom-text-vv-before yasr-custom-text-vv-before-22331\">\u00a1Haz clic para puntuar esta entrada!<\/div><div id='yasr-vv-second-row-container-968a3210e19bd' \n                                        class='yasr-vv-second-row-container'><div id='yasr-visitor-votes-rater-968a3210e19bd'\n                                      class='yasr-rater-stars-vv'\n                                      data-rater-postid='22331' \n                                      data-rating='0'\n                                      data-rater-starsize='32'\n                                      data-rater-readonly='false'\n                                      data-rater-nonce='66ef5737d4' \n                                      data-issingular='false'\n                                    ><\/div><div class=\"yasr-vv-stats-text-container\" id=\"yasr-vv-stats-text-container-968a3210e19bd\"><svg xmlns=\"https:\/\/www.w3.org\/2000\/svg\" width=\"20\" height=\"20\" \n                               class=\"yasr-dashicons-visitor-stats\"\n                               data-postid=\"22331\" \n                               id=\"yasr-stats-dashicon-968a3210e19bd\">\n                            <path d=\"M18 18v-16h-4v16h4zM12 18v-11h-4v11h4zM6 18v-8h-4v8h4z\"><\/path>\n                          <\/svg><span id=\"yasr-vv-text-container-968a3210e19bd\" class=\"yasr-vv-text-container\">(Votos: <span id=\"yasr-vv-votes-number-container-968a3210e19bd\">0<\/span>  Promedio: <span id=\"yasr-vv-average-container-968a3210e19bd\">0<\/span>)<\/span><\/div><div id='yasr-vv-loader-968a3210e19bd' class='yasr-vv-container-loader'><\/div><\/div><div id='yasr-vv-bottom-container-968a3210e19bd' \n                              class='yasr-vv-bottom-container'\n                              style='display:none'><\/div><\/div><!--End Yasr Visitor Votes Shortcode--><\/div>","protected":false},"excerpt":{"rendered":"<p>\u00a1Haz clic para puntuar esta entrada! (Votos: 0 Promedio: 0)<\/p>","protected":false},"author":1,"featured_media":0,"parent":0,"menu_order":0,"comment_status":"closed","ping_status":"closed","template":"","meta":{"inline_featured_image":false,"yasr_overall_rating":0,"yasr_post_is_review":"","yasr_auto_insert_disabled":"","yasr_review_type":"","yasr_pro_reviews_in_comment_enabled":0,"footnotes":""},"class_list":["post-22331","page","type-page","status-publish","hentry"],"yasr_visitor_votes":{"number_of_votes":0,"sum_votes":0,"stars_attributes":{"read_only":false,"span_bottom":false}},"yoast_head":"<!-- This site is optimized with the Yoast SEO plugin v27.6 - https:\/\/yoast.com\/product\/yoast-seo-wordpress\/ -->\n<title>Free tours por todo el mundo - Maventur.com<\/title>\n<meta name=\"description\" content=\"Descubre los mejores free tours del mundo con Maventur. Experiencias aut\u00e9nticas, gu\u00edas expertos y gesti\u00f3n completa para que disfrutes\" \/>\n<meta name=\"robots\" content=\"index, follow, max-snippet:-1, max-image-preview:large, max-video-preview:-1\" \/>\n<link rel=\"canonical\" href=\"https:\/\/www.maventur.com\/en\/freetours\/\" \/>\n<!-- \/ Yoast SEO plugin. -->","yoast_head_json":{"title":"Free tours por todo el mundo - Maventur.com","description":"Descubre los mejores free tours del mundo con Maventur. Experiencias aut\u00e9nticas, gu\u00edas expertos y gesti\u00f3n completa para que disfrutes","robots":{"index":"index","follow":"follow","max-snippet":"max-snippet:-1","max-image-preview":"max-image-preview:large","max-video-preview":"max-video-preview:-1"},"canonical":"https:\/\/www.maventur.com\/en\/freetours\/","schema":{"@context":"https:\/\/schema.org","@graph":[{"@type":"WebPage","@id":"https:\/\/www.maventur.com\/freetours\/","url":"https:\/\/www.maventur.com\/freetours\/","name":"Free tours por todo el mundo - Maventur.com","isPartOf":{"@id":"https:\/\/www.maventur.com\/#website"},"datePublished":"2025-11-17T21:17:22+00:00","dateModified":"2025-12-11T20:21:35+00:00","description":"Descubre los mejores free tours del mundo con Maventur. Experiencias aut\u00e9nticas, gu\u00edas expertos y gesti\u00f3n completa para que disfrutes","breadcrumb":{"@id":"https:\/\/www.maventur.com\/freetours\/#breadcrumb"},"inLanguage":"en-GB","potentialAction":[{"@type":"ReadAction","target":["https:\/\/www.maventur.com\/freetours\/"]}]},{"@type":"BreadcrumbList","@id":"https:\/\/www.maventur.com\/freetours\/#breadcrumb","itemListElement":[{"@type":"ListItem","position":1,"name":"Portada","item":"https:\/\/www.maventur.com\/"},{"@type":"ListItem","position":2,"name":"Free tours por todo el mundo"}]},{"@type":"WebSite","@id":"https:\/\/www.maventur.com\/#website","url":"https:\/\/www.maventur.com\/","name":"Maventur.com","description":"Expertos en Viajes a Medida por el Mundo","potentialAction":[{"@type":"SearchAction","target":{"@type":"EntryPoint","urlTemplate":"https:\/\/www.maventur.com\/?s={search_term_string}"},"query-input":{"@type":"PropertyValueSpecification","valueRequired":true,"valueName":"search_term_string"}}],"inLanguage":"en-GB"}]}},"_links":{"self":[{"href":"https:\/\/www.maventur.com\/en\/wp-json\/wp\/v2\/pages\/22331","targetHints":{"allow":["GET"]}}],"collection":[{"href":"https:\/\/www.maventur.com\/en\/wp-json\/wp\/v2\/pages"}],"about":[{"href":"https:\/\/www.maventur.com\/en\/wp-json\/wp\/v2\/types\/page"}],"author":[{"embeddable":true,"href":"https:\/\/www.maventur.com\/en\/wp-json\/wp\/v2\/users\/1"}],"replies":[{"embeddable":true,"href":"https:\/\/www.maventur.com\/en\/wp-json\/wp\/v2\/comments?post=22331"}],"version-history":[{"count":0,"href":"https:\/\/www.maventur.com\/en\/wp-json\/wp\/v2\/pages\/22331\/revisions"}],"wp:attachment":[{"href":"https:\/\/www.maventur.com\/en\/wp-json\/wp\/v2\/media?parent=22331"}],"curies":[{"name":"wp","href":"https:\/\/api.w.org\/{rel}","templated":true}]}}