{"id":2039,"date":"2016-06-11T14:25:44","date_gmt":"2016-06-11T14:25:44","guid":{"rendered":"http:\/\/demo.goodlayers.com\/infinite\/?page_id=2039"},"modified":"2024-08-15T00:27:13","modified_gmt":"2024-08-15T00:27:13","slug":"inicio","status":"publish","type":"page","link":"https:\/\/www.maventur.com\/en\/","title":{"rendered":"Expertos en Marruecos, Turqu\u00eda, Egipto"},"content":{"rendered":"<div style=\"text-align:center\" class=\"yasr-auto-insert-visitor\"><!--Yasr Visitor Votes Shortcode--><div id='yasr_visitor_votes_2039' class='yasr-visitor-votes'><div class=\"yasr-custom-text-vv-before yasr-custom-text-vv-before-2039\">\u00a1Haz clic para puntuar esta entrada!<\/div><div id='yasr-vv-second-row-container-57689be0a11f4' \n                                        class='yasr-vv-second-row-container'><div id='yasr-visitor-votes-rater-57689be0a11f4'\n                                      class='yasr-rater-stars-vv'\n                                      data-rater-postid='2039' \n                                      data-rating='5'\n                                      data-rater-starsize='32'\n                                      data-rater-readonly='false'\n                                      data-rater-nonce='cafadd5966' \n                                      data-issingular='false'\n                                    ><\/div><div class=\"yasr-vv-stats-text-container\" id=\"yasr-vv-stats-text-container-57689be0a11f4\"><svg xmlns=\"https:\/\/www.w3.org\/2000\/svg\" width=\"20\" height=\"20\" \n                               class=\"yasr-dashicons-visitor-stats\"\n                               data-postid=\"2039\" \n                               id=\"yasr-stats-dashicon-57689be0a11f4\">\n                            <path d=\"M18 18v-16h-4v16h4zM12 18v-11h-4v11h4zM6 18v-8h-4v8h4z\"><\/path>\n                          <\/svg><span id=\"yasr-vv-text-container-57689be0a11f4\" class=\"yasr-vv-text-container\">(Votos: <span id=\"yasr-vv-votes-number-container-57689be0a11f4\">200<\/span>  Promedio: <span id=\"yasr-vv-average-container-57689be0a11f4\">5<\/span>)<\/span><\/div><div id='yasr-vv-loader-57689be0a11f4' class='yasr-vv-container-loader'><\/div><\/div><div id='yasr-vv-bottom-container-57689be0a11f4' \n                              class='yasr-vv-bottom-container'\n                              style='display:none'><\/div><\/div><!--End Yasr Visitor Votes Shortcode--><\/div>","protected":false},"excerpt":{"rendered":"<p>\u00a1Haz clic para puntuar esta entrada! (Votos: 200 Promedio: 5)<\/p>","protected":false},"author":1,"featured_media":6784,"parent":0,"menu_order":0,"comment_status":"closed","ping_status":"closed","template":"","meta":{"inline_featured_image":false,"yasr_overall_rating":5,"yasr_post_is_review":"","yasr_auto_insert_disabled":"","yasr_review_type":"","yasr_pro_reviews_in_comment_enabled":0,"footnotes":""},"class_list":["post-2039","page","type-page","status-publish","has-post-thumbnail","hentry"],"yasr_visitor_votes":{"number_of_votes":200,"sum_votes":1000,"stars_attributes":{"read_only":false,"span_bottom":false}},"yoast_head":"<!-- This site is optimized with the Yoast SEO plugin v27.4 - https:\/\/yoast.com\/product\/yoast-seo-wordpress\/ -->\n<title>Expertos en Marruecos, Turqu\u00eda, Egipto - Maventur.com<\/title>\n<meta name=\"description\" content=\"Expertos en viajes a medida por Marruecos, Turqu\u00eda, Egipto, Jordania, Grecia, Dubai, Qatar, viajes de lujo, excursiones y mucho m\u00e1s...\" \/>\n<meta name=\"robots\" content=\"index, follow, max-snippet:-1, max-image-preview:large, max-video-preview:-1\" \/>\n<link rel=\"canonical\" href=\"https:\/\/www.maventur.com\/en\/\" \/>\n<!-- \/ Yoast SEO plugin. -->","yoast_head_json":{"title":"Expertos en Marruecos, Turqu\u00eda, Egipto - Maventur.com","description":"Expertos en viajes a medida por Marruecos, Turqu\u00eda, Egipto, Jordania, Grecia, Dubai, Qatar, viajes de lujo, excursiones y mucho m\u00e1s...","robots":{"index":"index","follow":"follow","max-snippet":"max-snippet:-1","max-image-preview":"max-image-preview:large","max-video-preview":"max-video-preview:-1"},"canonical":"https:\/\/www.maventur.com\/en\/","schema":{"@context":"https:\/\/schema.org","@graph":[{"@type":"WebPage","@id":"https:\/\/www.maventur.com\/","url":"https:\/\/www.maventur.com\/","name":"Expertos en Marruecos, Turqu\u00eda, Egipto - Maventur.com","isPartOf":{"@id":"https:\/\/www.maventur.com\/#website"},"primaryImageOfPage":{"@id":"https:\/\/www.maventur.com\/#primaryimage"},"image":{"@id":"https:\/\/www.maventur.com\/#primaryimage"},"thumbnailUrl":"https:\/\/www.maventur.com\/wp-content\/uploads\/2019\/06\/viajes-seguros-a-marruecos-viajes-diferentes-maventur-tours-circuitos-fotograf\u00eda.jpg","datePublished":"2016-06-11T14:25:44+00:00","dateModified":"2024-08-15T00:27:13+00:00","description":"Expertos en viajes a medida por Marruecos, Turqu\u00eda, Egipto, Jordania, Grecia, Dubai, Qatar, viajes de lujo, excursiones y mucho m\u00e1s...","breadcrumb":{"@id":"https:\/\/www.maventur.com\/#breadcrumb"},"inLanguage":"en-GB","potentialAction":[{"@type":"ReadAction","target":["https:\/\/www.maventur.com\/"]}]},{"@type":"ImageObject","inLanguage":"en-GB","@id":"https:\/\/www.maventur.com\/#primaryimage","url":"https:\/\/www.maventur.com\/wp-content\/uploads\/2019\/06\/viajes-seguros-a-marruecos-viajes-diferentes-maventur-tours-circuitos-fotograf\u00eda.jpg","contentUrl":"https:\/\/www.maventur.com\/wp-content\/uploads\/2019\/06\/viajes-seguros-a-marruecos-viajes-diferentes-maventur-tours-circuitos-fotograf\u00eda.jpg","width":1400,"height":930,"caption":"zoco-especias-marrakech-tour-maventur"},{"@type":"BreadcrumbList","@id":"https:\/\/www.maventur.com\/#breadcrumb","itemListElement":[{"@type":"ListItem","position":1,"name":"Portada","item":"https:\/\/www.maventur.com\/"},{"@type":"ListItem","position":2,"name":"Expertos en Marruecos, Turqu\u00eda, Egipto"}]},{"@type":"WebSite","@id":"https:\/\/www.maventur.com\/#website","url":"https:\/\/www.maventur.com\/","name":"Maventur.com","description":"Expertos en Viajes a Medida por el Mundo","potentialAction":[{"@type":"SearchAction","target":{"@type":"EntryPoint","urlTemplate":"https:\/\/www.maventur.com\/?s={search_term_string}"},"query-input":{"@type":"PropertyValueSpecification","valueRequired":true,"valueName":"search_term_string"}}],"inLanguage":"en-GB"}]}},"_links":{"self":[{"href":"https:\/\/www.maventur.com\/en\/wp-json\/wp\/v2\/pages\/2039","targetHints":{"allow":["GET"]}}],"collection":[{"href":"https:\/\/www.maventur.com\/en\/wp-json\/wp\/v2\/pages"}],"about":[{"href":"https:\/\/www.maventur.com\/en\/wp-json\/wp\/v2\/types\/page"}],"author":[{"embeddable":true,"href":"https:\/\/www.maventur.com\/en\/wp-json\/wp\/v2\/users\/1"}],"replies":[{"embeddable":true,"href":"https:\/\/www.maventur.com\/en\/wp-json\/wp\/v2\/comments?post=2039"}],"version-history":[{"count":0,"href":"https:\/\/www.maventur.com\/en\/wp-json\/wp\/v2\/pages\/2039\/revisions"}],"wp:featuredmedia":[{"embeddable":true,"href":"https:\/\/www.maventur.com\/en\/wp-json\/wp\/v2\/media\/6784"}],"wp:attachment":[{"href":"https:\/\/www.maventur.com\/en\/wp-json\/wp\/v2\/media?parent=2039"}],"curies":[{"name":"wp","href":"https:\/\/api.w.org\/{rel}","templated":true}]}}