{"id":13158,"date":"2023-10-25T11:27:56","date_gmt":"2023-10-25T11:27:56","guid":{"rendered":"https:\/\/www.maventur.com\/?page_id=13158"},"modified":"2025-07-30T09:16:11","modified_gmt":"2025-07-30T09:16:11","slug":"politica-general-de-cancelacion","status":"publish","type":"page","link":"https:\/\/www.maventur.com\/en\/politica-general-de-cancelacion\/","title":{"rendered":"Condiciones de pago y pol\u00edtica de cancelaci\u00f3n"},"content":{"rendered":"<div data-elementor-type=\"wp-page\" data-elementor-id=\"13158\" class=\"elementor elementor-13158\">\n\t\t\t\t\t\t<section class=\"elementor-section elementor-top-section elementor-element elementor-element-b521bc0 elementor-section-boxed elementor-section-height-default elementor-section-height-default\" data-id=\"b521bc0\" data-element_type=\"section\" data-e-type=\"section\">\n\t\t\t\t\t\t<div class=\"elementor-container elementor-column-gap-default\">\n\t\t\t\t\t<div class=\"elementor-column elementor-col-100 elementor-top-column elementor-element elementor-element-5972b239\" data-id=\"5972b239\" data-element_type=\"column\" data-e-type=\"column\">\n\t\t\t<div class=\"elementor-widget-wrap elementor-element-populated\">\n\t\t\t\t\t\t<div class=\"elementor-element elementor-element-7eceaad elementor-widget elementor-widget-spacer\" data-id=\"7eceaad\" data-element_type=\"widget\" data-e-type=\"widget\" data-widget_type=\"spacer.default\">\n\t\t\t\t<div class=\"elementor-widget-container\">\n\t\t\t\t\t\t\t<div class=\"elementor-spacer\">\n\t\t\t<div class=\"elementor-spacer-inner\"><\/div>\n\t\t<\/div>\n\t\t\t\t\t\t<\/div>\n\t\t\t\t<\/div>\n\t\t\t\t<div class=\"elementor-element elementor-element-bf63d27 elementor-widget elementor-widget-heading\" data-id=\"bf63d27\" data-element_type=\"widget\" data-e-type=\"widget\" data-widget_type=\"heading.default\">\n\t\t\t\t<div class=\"elementor-widget-container\">\n\t\t\t\t\t<h3 class=\"elementor-heading-title elementor-size-default\">Condiciones de Pago<\/h3>\t\t\t\t<\/div>\n\t\t\t\t<\/div>\n\t\t\t\t<div class=\"elementor-element elementor-element-5bbeec2 elementor-widget elementor-widget-text-editor\" data-id=\"5bbeec2\" data-element_type=\"widget\" data-e-type=\"widget\" data-widget_type=\"text-editor.default\">\n\t\t\t\t<div class=\"elementor-widget-container\">\n\t\t\t\t\t\t\t\t\t<ul>\n<li class=\"\" data-start=\"171\" data-end=\"383\">\n<p class=\"\" data-start=\"174\" data-end=\"383\"><span style=\"color: #000000;\"><strong data-start=\"174\" data-end=\"185\">Reserva<\/strong><\/span><\/p>\n<\/li>\n<li class=\"\" data-start=\"171\" data-end=\"383\">\n<p class=\"\" data-start=\"174\" data-end=\"383\">Para confirmar la reserva, se requiere un <strong data-start=\"233\" data-end=\"253\">dep\u00f3sito del 50%<\/strong> del importe total del viaje\/servicio.<\/p>\n<\/li>\n<li class=\"\" data-start=\"171\" data-end=\"383\">\n<p class=\"\" data-start=\"174\" data-end=\"383\">El pago puede realizarse por transferencia bancaria, tarjeta de cr\u00e9dito (se aplica un 4% de comisi\u00f3n).<\/p>\n<\/li>\n<li class=\"\" data-start=\"385\" data-end=\"585\">\n<p class=\"\" data-start=\"388\" data-end=\"585\"><span style=\"color: #000000;\"><strong data-start=\"388\" data-end=\"402\">Pago final<\/strong><\/span><\/p>\n<\/li>\n<li class=\"\" data-start=\"385\" data-end=\"585\">\n<p class=\"\" data-start=\"388\" data-end=\"585\">El <strong data-start=\"411\" data-end=\"427\">50% restante<\/strong> deber\u00e1 abonarse <strong data-start=\"444\" data-end=\"490\">al menos 25 d\u00edas antes del inicio del viaje<\/strong>. En caso de reservas de \u00faltima hora, el pago total ser\u00e1 exigido al momento de la confirmaci\u00f3n.<\/p>\n<\/li>\n<li class=\"\" data-start=\"1134\" data-end=\"1340\">\n<p class=\"\" data-start=\"1137\" data-end=\"1340\"><span style=\"color: #000000;\"><strong data-start=\"1137\" data-end=\"1160\">Moneda y comisiones<\/strong><\/span><\/p>\n<\/li>\n<li class=\"\" data-start=\"1134\" data-end=\"1340\">\n<p class=\"\" data-start=\"1137\" data-end=\"1340\">Todos los pagos se efectuar\u00e1n en euros.<br data-start=\"1261\" data-end=\"1264\">Las comisiones bancarias o de transferencia correr\u00e1n a cargo del cliente.<\/p>\n<\/li>\n<\/ul>\t\t\t\t\t\t\t\t<\/div>\n\t\t\t\t<\/div>\n\t\t\t\t<div class=\"elementor-element elementor-element-e692de3 elementor-widget elementor-widget-heading\" data-id=\"e692de3\" data-element_type=\"widget\" data-e-type=\"widget\" data-widget_type=\"heading.default\">\n\t\t\t\t<div class=\"elementor-widget-container\">\n\t\t\t\t\t<h3 class=\"elementor-heading-title elementor-size-default\">Pol\u00edtica de Cancelaci\u00f3n<\/h3>\t\t\t\t<\/div>\n\t\t\t\t<\/div>\n\t\t\t\t<div class=\"elementor-element elementor-element-4b97ad4e elementor-widget elementor-widget-text-editor\" data-id=\"4b97ad4e\" data-element_type=\"widget\" data-e-type=\"widget\" data-widget_type=\"text-editor.default\">\n\t\t\t\t<div class=\"elementor-widget-container\">\n\t\t\t\t\t\t\t\t\t<p>En el supuesto de que el cliente anule el viaje antes de la salida, el cliente tendr\u00e1 derecho al reembolso de las siguientes cantidades:<\/p><p>&#8211;<strong> Billete de avi\u00f3n<\/strong>: NO reembolsable.<br \/>&#8211; <strong>Gastos de gesti\u00f3n<\/strong> consistentes en 70,00 \u20ac por reserva.<br \/>&#8211; <strong>Gastos de anulaci\u00f3n debidamente justificados<\/strong> correspondientes al total de los costes de cancelaci\u00f3n que los proveedores imponen.<br \/>&#8211; <strong>Penalizaci\u00f3n<\/strong> consistente en un 5% del total del viaje si el desistimiento se produce con m\u00e1s de 10 d\u00edas y menos de 15 antes de la salida, un 15% si se produce entre 10 y 3 d\u00edas antes de la salida y un 25% si se produce en las 48 horas anteriores a la salida.<\/p><p>En caso de no presentaci\u00f3n a la hora prevista para la salida, no se tendr\u00e1 derecho a la devoluci\u00f3n de las cantidades abonadas.<\/p><p>Todos los importes\/conceptos indicados anteriormente son acumulables.<\/p>\t\t\t\t\t\t\t\t<\/div>\n\t\t\t\t<\/div>\n\t\t\t\t\t<\/div>\n\t\t<\/div>\n\t\t\t\t\t<\/div>\n\t\t<\/section>\n\t\t\t\t<\/div>\n\t\t<div style=\"text-align:center\" class=\"yasr-auto-insert-visitor\"><!--Yasr Visitor Votes Shortcode--><div id='yasr_visitor_votes_13158' class='yasr-visitor-votes'><div class=\"yasr-custom-text-vv-before yasr-custom-text-vv-before-13158\">\u00a1Haz clic para puntuar esta entrada!<\/div><div id='yasr-vv-second-row-container-9881a600228f4' \n                                        class='yasr-vv-second-row-container'><div id='yasr-visitor-votes-rater-9881a600228f4'\n                                      class='yasr-rater-stars-vv'\n                                      data-rater-postid='13158' \n                                      data-rating='0'\n                                      data-rater-starsize='32'\n                                      data-rater-readonly='false'\n                                      data-rater-nonce='66ef5737d4' \n                                      data-issingular='false'\n                                    ><\/div><div class=\"yasr-vv-stats-text-container\" id=\"yasr-vv-stats-text-container-9881a600228f4\"><svg xmlns=\"https:\/\/www.w3.org\/2000\/svg\" width=\"20\" height=\"20\" \n                               class=\"yasr-dashicons-visitor-stats\"\n                               data-postid=\"13158\" \n                               id=\"yasr-stats-dashicon-9881a600228f4\">\n                            <path d=\"M18 18v-16h-4v16h4zM12 18v-11h-4v11h4zM6 18v-8h-4v8h4z\"><\/path>\n                          <\/svg><span id=\"yasr-vv-text-container-9881a600228f4\" class=\"yasr-vv-text-container\">(Votos: <span id=\"yasr-vv-votes-number-container-9881a600228f4\">0<\/span>  Promedio: <span id=\"yasr-vv-average-container-9881a600228f4\">0<\/span>)<\/span><\/div><div id='yasr-vv-loader-9881a600228f4' class='yasr-vv-container-loader'><\/div><\/div><div id='yasr-vv-bottom-container-9881a600228f4' \n                              class='yasr-vv-bottom-container'\n                              style='display:none'><\/div><\/div><!--End Yasr Visitor Votes Shortcode--><\/div>","protected":false},"excerpt":{"rendered":"<p>Condiciones de Pago Reserva Para confirmar la reserva, se requiere un dep\u00f3sito del 50% del importe total del viaje\/servicio. El pago puede realizarse por transferencia bancaria, tarjeta de cr\u00e9dito (se aplica un 4% de comisi\u00f3n). Pago final El 50% restante deber\u00e1 abonarse al menos 25 d\u00edas antes del inicio del viaje. En caso de reservas [&hellip;]<\/p>\n","protected":false},"author":1,"featured_media":0,"parent":0,"menu_order":0,"comment_status":"closed","ping_status":"closed","template":"","meta":{"inline_featured_image":false,"yasr_overall_rating":0,"yasr_post_is_review":"","yasr_auto_insert_disabled":"","yasr_review_type":"","yasr_pro_reviews_in_comment_enabled":0,"footnotes":""},"class_list":["post-13158","page","type-page","status-publish","hentry"],"yasr_visitor_votes":{"number_of_votes":0,"sum_votes":0,"stars_attributes":{"read_only":false,"span_bottom":false}},"yoast_head":"<!-- This site is optimized with the Yoast SEO plugin v27.6 - https:\/\/yoast.com\/product\/yoast-seo-wordpress\/ -->\n<title>Condiciones de pago y pol\u00edtica de cancelaci\u00f3n - Maventur.com<\/title>\n<meta name=\"robots\" content=\"index, follow, max-snippet:-1, max-image-preview:large, max-video-preview:-1\" \/>\n<link rel=\"canonical\" href=\"https:\/\/www.maventur.com\/en\/politica-general-de-cancelacion\/\" \/>\n<!-- \/ Yoast SEO plugin. -->","yoast_head_json":{"title":"Condiciones de pago y pol\u00edtica de cancelaci\u00f3n - Maventur.com","robots":{"index":"index","follow":"follow","max-snippet":"max-snippet:-1","max-image-preview":"max-image-preview:large","max-video-preview":"max-video-preview:-1"},"canonical":"https:\/\/www.maventur.com\/en\/politica-general-de-cancelacion\/","schema":{"@context":"https:\/\/schema.org","@graph":[{"@type":"WebPage","@id":"https:\/\/www.maventur.com\/politica-general-de-cancelacion\/","url":"https:\/\/www.maventur.com\/politica-general-de-cancelacion\/","name":"Condiciones de pago y pol\u00edtica de cancelaci\u00f3n - Maventur.com","isPartOf":{"@id":"https:\/\/www.maventur.com\/#website"},"datePublished":"2023-10-25T11:27:56+00:00","dateModified":"2025-07-30T09:16:11+00:00","breadcrumb":{"@id":"https:\/\/www.maventur.com\/politica-general-de-cancelacion\/#breadcrumb"},"inLanguage":"en-GB","potentialAction":[{"@type":"ReadAction","target":["https:\/\/www.maventur.com\/politica-general-de-cancelacion\/"]}]},{"@type":"BreadcrumbList","@id":"https:\/\/www.maventur.com\/politica-general-de-cancelacion\/#breadcrumb","itemListElement":[{"@type":"ListItem","position":1,"name":"Portada","item":"https:\/\/www.maventur.com\/"},{"@type":"ListItem","position":2,"name":"Condiciones de pago y pol\u00edtica de cancelaci\u00f3n"}]},{"@type":"WebSite","@id":"https:\/\/www.maventur.com\/#website","url":"https:\/\/www.maventur.com\/","name":"Maventur.com","description":"Expertos en Viajes a Medida por el Mundo","potentialAction":[{"@type":"SearchAction","target":{"@type":"EntryPoint","urlTemplate":"https:\/\/www.maventur.com\/?s={search_term_string}"},"query-input":{"@type":"PropertyValueSpecification","valueRequired":true,"valueName":"search_term_string"}}],"inLanguage":"en-GB"}]}},"_links":{"self":[{"href":"https:\/\/www.maventur.com\/en\/wp-json\/wp\/v2\/pages\/13158","targetHints":{"allow":["GET"]}}],"collection":[{"href":"https:\/\/www.maventur.com\/en\/wp-json\/wp\/v2\/pages"}],"about":[{"href":"https:\/\/www.maventur.com\/en\/wp-json\/wp\/v2\/types\/page"}],"author":[{"embeddable":true,"href":"https:\/\/www.maventur.com\/en\/wp-json\/wp\/v2\/users\/1"}],"replies":[{"embeddable":true,"href":"https:\/\/www.maventur.com\/en\/wp-json\/wp\/v2\/comments?post=13158"}],"version-history":[{"count":0,"href":"https:\/\/www.maventur.com\/en\/wp-json\/wp\/v2\/pages\/13158\/revisions"}],"wp:attachment":[{"href":"https:\/\/www.maventur.com\/en\/wp-json\/wp\/v2\/media?parent=13158"}],"curies":[{"name":"wp","href":"https:\/\/api.w.org\/{rel}","templated":true}]}}